{"id":86450,"date":"2022-05-19T13:07:39","date_gmt":"2022-05-19T13:07:39","guid":{"rendered":"https:\/\/jafep.com\/producto\/hr-silicone-avec-conservateur-anti-moisissure\/"},"modified":"2025-08-18T19:20:42","modified_gmt":"2025-08-18T17:20:42","slug":"hr-silicone-avec-conservateur-anti-moisissure","status":"publish","type":"product","link":"https:\/\/jafep.com\/fr\/producto\/hr-silicone-avec-conservateur-anti-moisissure\/","title":{"rendered":"HR silicon\u00e9 avec conservateur anti-moisissure"},"content":{"rendered":"<p>Rev\u00eatement acrylique lisse pour l&#8217;ext\u00e9rieur. Imperm\u00e9able \u00e0 l&#8217;eau. Tr\u00e8s r\u00e9sistant aux intemp\u00e9ries, au salp\u00eatre et \u00e0 l&#8217;abrasion. Additif avec des hydrofuges polysiloxanes qui lui conf\u00e8rent un effet hydrofuge et facilitent en m\u00eame temps la perm\u00e9abilit\u00e9 \u00e0 la vapeur d&#8217;eau.<br \/>\nIncorpore des additifs conservateurs pour la protection du film.     <\/p>\n","protected":false},"excerpt":{"rendered":"<p>rev\u00eatement acrylique polysiloxanique avec conservateur anti-moisissure  <\/p>\n","protected":false},"featured_media":82999,"comment_status":"closed","ping_status":"closed","template":"","meta":{"_acf_changed":false,"_links_to":"","_links_to_target":""},"product_brand":[],"product_cat":[1379,1385],"product_tag":[],"class_list":{"0":"post-86450","1":"product","2":"type-product","3":"status-publish","4":"has-post-thumbnail","6":"product_cat-revetements","7":"product_cat-revetements-silicone","8":"pa_formatos-15-l-fr","9":"pa_herramientas-airless-fr","10":"pa_herramientas-brocha-fr","11":"pa_herramientas-pistola-fr","12":"pa_herramientas-rodillo-fr-2","13":"pa_iconos-1-base-agua-fr","14":"pa_iconos-41-brocha-rodillo-pistola-fr","15":"pa_iconos-51-mate-60o-fr","16":"pa_iconos-61-lavabilidad-nivel-2-fr","17":"pa_iconos-cartes-de-credit","18":"pa_iconos-ce-fr","19":"pa_iconos-conservateur-anti-moisissures-systeme-atmh","20":"pa_iconos-exterior-fr","21":"pa_iconos-mate-fr","22":"pa_iconos-rendimiento-7-12-m2-l-fr","24":"first","25":"instock","26":"shipping-taxable","27":"product-type-simple"},"acf":[],"_links":{"self":[{"href":"https:\/\/jafep.com\/fr\/wp-json\/wp\/v2\/product\/86450","targetHints":{"allow":["GET"]}}],"collection":[{"href":"https:\/\/jafep.com\/fr\/wp-json\/wp\/v2\/product"}],"about":[{"href":"https:\/\/jafep.com\/fr\/wp-json\/wp\/v2\/types\/product"}],"replies":[{"embeddable":true,"href":"https:\/\/jafep.com\/fr\/wp-json\/wp\/v2\/comments?post=86450"}],"wp:featuredmedia":[{"embeddable":true,"href":"https:\/\/jafep.com\/fr\/wp-json\/wp\/v2\/media\/82999"}],"wp:attachment":[{"href":"https:\/\/jafep.com\/fr\/wp-json\/wp\/v2\/media?parent=86450"}],"wp:term":[{"taxonomy":"product_brand","embeddable":true,"href":"https:\/\/jafep.com\/fr\/wp-json\/wp\/v2\/product_brand?post=86450"},{"taxonomy":"product_cat","embeddable":true,"href":"https:\/\/jafep.com\/fr\/wp-json\/wp\/v2\/product_cat?post=86450"},{"taxonomy":"product_tag","embeddable":true,"href":"https:\/\/jafep.com\/fr\/wp-json\/wp\/v2\/product_tag?post=86450"}],"curies":[{"name":"wp","href":"https:\/\/api.w.org\/{rel}","templated":true}]}}