{"id":86449,"date":"2021-07-08T12:58:12","date_gmt":"2021-07-08T12:58:12","guid":{"rendered":"https:\/\/jafep.com\/producto\/revetement-ceramique\/"},"modified":"2025-08-18T19:20:41","modified_gmt":"2025-08-18T17:20:41","slug":"revetement-ceramique","status":"publish","type":"product","link":"https:\/\/jafep.com\/fr\/producto\/revetement-ceramique\/","title":{"rendered":"Rev\u00eatement c\u00e9ramique"},"content":{"rendered":"<p>Imperm\u00e9abilisation \u00e9lastique des fa\u00e7ades \u00e0 base de microsph\u00e8res c\u00e9ramiques remplies d&#8217;air rar\u00e9fi\u00e9 dans un milieu liquide de nature styr\u00e8ne-acrylique modifi\u00e9e, avec d&#8217;excellentes propri\u00e9t\u00e9s isolantes. Avec conservateur anti-moisissure.<\/p>\n","protected":false},"excerpt":{"rendered":"<p>Rev\u00eatement c\u00e9ramique<\/p>\n","protected":false},"featured_media":83649,"comment_status":"closed","ping_status":"closed","template":"","meta":{"_acf_changed":false,"_links_to":"","_links_to_target":""},"product_brand":[],"product_cat":[468,1312],"product_tag":[],"class_list":{"0":"post-86449","1":"product","2":"type-product","3":"status-publish","4":"has-post-thumbnail","6":"product_cat-gamme-en-phase-aqueuse","7":"product_cat-ligne-anti-humidite","8":"pa_formatos-15l-fr","9":"pa_herramientas-airless-fr","10":"pa_herramientas-brocha-fr","11":"pa_herramientas-pistola-fr","12":"pa_herramientas-rodillo-fr-2","13":"pa_iconos-conservateur-anti-moisissures-systeme-atmh","14":"pa_iconos-exterior-fr","15":"pa_iconos-mate-fr","16":"pa_iconos-nanotec-fr","18":"first","19":"instock","20":"shipping-taxable","21":"product-type-simple"},"acf":[],"_links":{"self":[{"href":"https:\/\/jafep.com\/fr\/wp-json\/wp\/v2\/product\/86449","targetHints":{"allow":["GET"]}}],"collection":[{"href":"https:\/\/jafep.com\/fr\/wp-json\/wp\/v2\/product"}],"about":[{"href":"https:\/\/jafep.com\/fr\/wp-json\/wp\/v2\/types\/product"}],"replies":[{"embeddable":true,"href":"https:\/\/jafep.com\/fr\/wp-json\/wp\/v2\/comments?post=86449"}],"wp:featuredmedia":[{"embeddable":true,"href":"https:\/\/jafep.com\/fr\/wp-json\/wp\/v2\/media\/83649"}],"wp:attachment":[{"href":"https:\/\/jafep.com\/fr\/wp-json\/wp\/v2\/media?parent=86449"}],"wp:term":[{"taxonomy":"product_brand","embeddable":true,"href":"https:\/\/jafep.com\/fr\/wp-json\/wp\/v2\/product_brand?post=86449"},{"taxonomy":"product_cat","embeddable":true,"href":"https:\/\/jafep.com\/fr\/wp-json\/wp\/v2\/product_cat?post=86449"},{"taxonomy":"product_tag","embeddable":true,"href":"https:\/\/jafep.com\/fr\/wp-json\/wp\/v2\/product_tag?post=86449"}],"curies":[{"name":"wp","href":"https:\/\/api.w.org\/{rel}","templated":true}]}}