{"id":86448,"date":"2022-03-10T18:28:24","date_gmt":"2022-03-10T18:28:24","guid":{"rendered":"https:\/\/jafep.com\/producto\/primaire-synthetique-recupere-pinroda\/"},"modified":"2025-08-18T19:20:41","modified_gmt":"2025-08-18T17:20:41","slug":"primaire-synthetique-recupere-pinroda","status":"publish","type":"product","link":"https:\/\/jafep.com\/fr\/producto\/primaire-synthetique-recupere-pinroda\/","title":{"rendered":"Primaire synth\u00e9tique r\u00e9cup\u00e9r\u00e9 Pinroda"},"content":{"rendered":"<p>Primaire de base pour le traitement initial des surfaces m\u00e9talliques.  <\/p>\n","protected":false},"excerpt":{"rendered":"<p>Primaire de base pour le traitement initial des surfaces m\u00e9talliques.<\/p>\n","protected":false},"featured_media":83022,"comment_status":"closed","ping_status":"closed","template":"","meta":{"_acf_changed":false,"_links_to":"","_links_to_target":""},"product_brand":[],"product_cat":[817,828,1547,822,486],"product_tag":[],"class_list":{"0":"post-86448","1":"product","2":"type-product","3":"status-publish","4":"has-post-thumbnail","6":"product_cat-imprimar-fr","7":"product_cat-exteriores-fr","8":"product_cat-interieurs","9":"product_cat-pinroda-fr-2","10":"product_cat-peintures-dappret","11":"pa_formatos-15l-fr","12":"pa_herramientas-airless-fr","13":"pa_herramientas-pistola-fr","14":"pa_iconos-2-base-solvente-fr","15":"pa_iconos-40-brocha-rodillo-fr","16":"pa_iconos-45-exterior-interior-fr","17":"pa_iconos-cartes-de-credit","18":"pa_iconos-rendimiento-9-12-m2-l-fr","19":"pa_iconos-satinado-fr","21":"first","22":"instock","23":"shipping-taxable","24":"product-type-simple"},"acf":[],"_links":{"self":[{"href":"https:\/\/jafep.com\/fr\/wp-json\/wp\/v2\/product\/86448","targetHints":{"allow":["GET"]}}],"collection":[{"href":"https:\/\/jafep.com\/fr\/wp-json\/wp\/v2\/product"}],"about":[{"href":"https:\/\/jafep.com\/fr\/wp-json\/wp\/v2\/types\/product"}],"replies":[{"embeddable":true,"href":"https:\/\/jafep.com\/fr\/wp-json\/wp\/v2\/comments?post=86448"}],"wp:featuredmedia":[{"embeddable":true,"href":"https:\/\/jafep.com\/fr\/wp-json\/wp\/v2\/media\/83022"}],"wp:attachment":[{"href":"https:\/\/jafep.com\/fr\/wp-json\/wp\/v2\/media?parent=86448"}],"wp:term":[{"taxonomy":"product_brand","embeddable":true,"href":"https:\/\/jafep.com\/fr\/wp-json\/wp\/v2\/product_brand?post=86448"},{"taxonomy":"product_cat","embeddable":true,"href":"https:\/\/jafep.com\/fr\/wp-json\/wp\/v2\/product_cat?post=86448"},{"taxonomy":"product_tag","embeddable":true,"href":"https:\/\/jafep.com\/fr\/wp-json\/wp\/v2\/product_tag?post=86448"}],"curies":[{"name":"wp","href":"https:\/\/api.w.org\/{rel}","templated":true}]}}