{"id":86447,"date":"2022-03-10T17:54:23","date_gmt":"2022-03-10T17:54:23","guid":{"rendered":"https:\/\/jafep.com\/producto\/peinture-recuperee-par-pinroda\/"},"modified":"2025-08-18T19:20:40","modified_gmt":"2025-08-18T17:20:40","slug":"peinture-recuperee-par-pinroda","status":"publish","type":"product","link":"https:\/\/jafep.com\/fr\/producto\/peinture-recuperee-par-pinroda\/","title":{"rendered":"Peinture r\u00e9cup\u00e9r\u00e9e par Pinroda"},"content":{"rendered":"<p>Peinture plastique \u00e0 base d&#8217;eau fabriqu\u00e9e \u00e0 partir de mat\u00e9riaux recycl\u00e9s (100 %) et conditionn\u00e9e dans un bidon en plastique recycl\u00e9 (100 %). Peinture anti-poussi\u00e8re pour sols sur\u00e9lev\u00e9s.   <\/p>\n","protected":false},"excerpt":{"rendered":"<p>Peinture plastique \u00e0 base d&#8217;eau fabriqu\u00e9e \u00e0 partir de mat\u00e9riaux recycl\u00e9s (100 %) et conditionn\u00e9e dans un bidon en plastique recycl\u00e9 (100 %). Peinture anti-poussi\u00e8re pour sols sur\u00e9lev\u00e9s.<\/p>\n","protected":false},"featured_media":83019,"comment_status":"closed","ping_status":"closed","template":"","meta":{"_acf_changed":false,"_links_to":"","_links_to_target":""},"product_brand":[],"product_cat":[1580,828,1547,492,822,1541],"product_tag":[],"class_list":{"0":"post-86447","1":"product","2":"type-product","3":"status-publish","4":"has-post-thumbnail","6":"product_cat-couvrir-les-graffitis","7":"product_cat-exteriores-fr","8":"product_cat-interieurs","9":"product_cat-peintures-plastiques","10":"product_cat-pinroda-fr-2","11":"product_cat-preparer-les-locaux","12":"pa_formatos-15l-fr","13":"pa_herramientas-airless-fr","14":"pa_herramientas-brocha-fr","15":"pa_herramientas-pistola-fr","16":"pa_herramientas-rodillo-fr-2","17":"pa_iconos-1-base-agua-fr","18":"pa_iconos-46-interior-fr","19":"pa_iconos-51-mate-60o-fr","20":"pa_iconos-64-lavabilidad-nivel-maximo-fr","21":"pa_iconos-mate-fr","22":"pa_iconos-rendimiento-6-8-m2l-fr","24":"first","25":"instock","26":"shipping-taxable","27":"product-type-simple"},"acf":[],"_links":{"self":[{"href":"https:\/\/jafep.com\/fr\/wp-json\/wp\/v2\/product\/86447","targetHints":{"allow":["GET"]}}],"collection":[{"href":"https:\/\/jafep.com\/fr\/wp-json\/wp\/v2\/product"}],"about":[{"href":"https:\/\/jafep.com\/fr\/wp-json\/wp\/v2\/types\/product"}],"replies":[{"embeddable":true,"href":"https:\/\/jafep.com\/fr\/wp-json\/wp\/v2\/comments?post=86447"}],"wp:featuredmedia":[{"embeddable":true,"href":"https:\/\/jafep.com\/fr\/wp-json\/wp\/v2\/media\/83019"}],"wp:attachment":[{"href":"https:\/\/jafep.com\/fr\/wp-json\/wp\/v2\/media?parent=86447"}],"wp:term":[{"taxonomy":"product_brand","embeddable":true,"href":"https:\/\/jafep.com\/fr\/wp-json\/wp\/v2\/product_brand?post=86447"},{"taxonomy":"product_cat","embeddable":true,"href":"https:\/\/jafep.com\/fr\/wp-json\/wp\/v2\/product_cat?post=86447"},{"taxonomy":"product_tag","embeddable":true,"href":"https:\/\/jafep.com\/fr\/wp-json\/wp\/v2\/product_tag?post=86447"}],"curies":[{"name":"wp","href":"https:\/\/api.w.org\/{rel}","templated":true}]}}