{"id":86446,"date":"2021-02-16T12:01:04","date_gmt":"2021-02-16T12:01:04","guid":{"rendered":"https:\/\/jafep.com\/producto\/nettoyant-pour-taches-dhumidite\/"},"modified":"2025-08-18T19:20:40","modified_gmt":"2025-08-18T17:20:40","slug":"nettoyant-pour-taches-dhumidite","status":"publish","type":"product","link":"https:\/\/jafep.com\/fr\/producto\/nettoyant-pour-taches-dhumidite\/","title":{"rendered":"Nettoyant pour taches d&#8217;humidit\u00e9"},"content":{"rendered":"<p>Nettoyant de surface qui nettoie et blanchit les taches sombres caus\u00e9es par l&#8217;humidit\u00e9 sur les murs, les sols, les carrelages ou les joints de carrelage dans les salles de bains et les douches.<\/p>\n<p>L&#8217;utilisation mensuelle dans le nettoyage des toilettes pr\u00e9vient l&#8217;apparition de taches sombres.  <\/p>\n","protected":false},"excerpt":{"rendered":"<p>Nettoyant de surface qui pr\u00e9vient\/\u00e9limine les taches sombres.  <\/p>\n","protected":false},"featured_media":82967,"comment_status":"closed","ping_status":"closed","template":"","meta":{"_acf_changed":false,"_links_to":"","_links_to_target":""},"product_brand":[],"product_cat":[471],"product_tag":[],"class_list":{"0":"post-86446","1":"product","2":"type-product","3":"status-publish","4":"has-post-thumbnail","6":"product_cat-produits-complementaires","7":"pa_herramientas-brocha-fr","8":"pa_herramientas-brosse","9":"pa_herramientas-rodillo-fr-2","11":"first","12":"instock","13":"shipping-taxable","14":"product-type-simple"},"acf":[],"_links":{"self":[{"href":"https:\/\/jafep.com\/fr\/wp-json\/wp\/v2\/product\/86446","targetHints":{"allow":["GET"]}}],"collection":[{"href":"https:\/\/jafep.com\/fr\/wp-json\/wp\/v2\/product"}],"about":[{"href":"https:\/\/jafep.com\/fr\/wp-json\/wp\/v2\/types\/product"}],"replies":[{"embeddable":true,"href":"https:\/\/jafep.com\/fr\/wp-json\/wp\/v2\/comments?post=86446"}],"wp:featuredmedia":[{"embeddable":true,"href":"https:\/\/jafep.com\/fr\/wp-json\/wp\/v2\/media\/82967"}],"wp:attachment":[{"href":"https:\/\/jafep.com\/fr\/wp-json\/wp\/v2\/media?parent=86446"}],"wp:term":[{"taxonomy":"product_brand","embeddable":true,"href":"https:\/\/jafep.com\/fr\/wp-json\/wp\/v2\/product_brand?post=86446"},{"taxonomy":"product_cat","embeddable":true,"href":"https:\/\/jafep.com\/fr\/wp-json\/wp\/v2\/product_cat?post=86446"},{"taxonomy":"product_tag","embeddable":true,"href":"https:\/\/jafep.com\/fr\/wp-json\/wp\/v2\/product_tag?post=86446"}],"curies":[{"name":"wp","href":"https:\/\/api.w.org\/{rel}","templated":true}]}}