{"id":86445,"date":"2022-03-10T13:00:44","date_gmt":"2022-03-10T13:00:44","guid":{"rendered":"https:\/\/jafep.com\/producto\/terrasses-telacril-polyurethane\/"},"modified":"2025-08-18T19:20:39","modified_gmt":"2025-08-18T17:20:39","slug":"terrasses-telacril-polyurethane","status":"publish","type":"product","link":"https:\/\/jafep.com\/fr\/producto\/terrasses-telacril-polyurethane\/","title":{"rendered":"Terrasses Telacril Polyur\u00e9thane"},"content":{"rendered":"<p>Membrane polyur\u00e9thane continue \u00e9lastom\u00e8re de haute qualit\u00e9 pour l&#8217;\u00e9tanch\u00e9it\u00e9 l\u00e0 o\u00f9 des performances optimales sont requises. Utilisable au niveau des pi\u00e9tons. Elasticit\u00e9 maximale m\u00eame \u00e0 des temp\u00e9ratures extr\u00eames. Peut \u00e9galement \u00eatre utilis\u00e9e pour prot\u00e9ger les mousses de polyur\u00e9thane.     <\/p>\n","protected":false},"excerpt":{"rendered":"<p>Imperm\u00e9abilisant \u00e9lastom\u00e8re polyur\u00e9thane aliphatique  <\/p>\n","protected":false},"featured_media":83014,"comment_status":"closed","ping_status":"closed","template":"","meta":{"_acf_changed":false,"_links_to":"","_links_to_target":""},"product_brand":[],"product_cat":[828,1583,1312,1315],"product_tag":[],"class_list":{"0":"post-86445","1":"product","2":"type-product","3":"status-publish","4":"has-post-thumbnail","6":"product_cat-exteriores-fr","7":"product_cat-impermeabilisation","8":"product_cat-ligne-anti-humidite","9":"product_cat-telacril-fr","10":"pa_formatos-15l-fr","11":"pa_formatos-4l-fr","12":"pa_herramientas-airless-fr","13":"pa_herramientas-brocha-fr","14":"pa_herramientas-pistola-fr","15":"pa_herramientas-rodillo-fr-2","16":"pa_iconos-1-m2-l-fr","17":"pa_iconos-1-base-agua-fr","18":"pa_iconos-41-brocha-rodillo-pistola-fr","19":"pa_iconos-60-lavabilidad-nivel-1-fr","20":"pa_iconos-conservateur-anti-moisissures-systeme-atmh","21":"pa_iconos-elongacion-fr","22":"pa_iconos-exterior-fr","23":"pa_iconos-satinado-fr","25":"first","26":"instock","27":"shipping-taxable","28":"product-type-simple"},"acf":[],"_links":{"self":[{"href":"https:\/\/jafep.com\/fr\/wp-json\/wp\/v2\/product\/86445","targetHints":{"allow":["GET"]}}],"collection":[{"href":"https:\/\/jafep.com\/fr\/wp-json\/wp\/v2\/product"}],"about":[{"href":"https:\/\/jafep.com\/fr\/wp-json\/wp\/v2\/types\/product"}],"replies":[{"embeddable":true,"href":"https:\/\/jafep.com\/fr\/wp-json\/wp\/v2\/comments?post=86445"}],"wp:featuredmedia":[{"embeddable":true,"href":"https:\/\/jafep.com\/fr\/wp-json\/wp\/v2\/media\/83014"}],"wp:attachment":[{"href":"https:\/\/jafep.com\/fr\/wp-json\/wp\/v2\/media?parent=86445"}],"wp:term":[{"taxonomy":"product_brand","embeddable":true,"href":"https:\/\/jafep.com\/fr\/wp-json\/wp\/v2\/product_brand?post=86445"},{"taxonomy":"product_cat","embeddable":true,"href":"https:\/\/jafep.com\/fr\/wp-json\/wp\/v2\/product_cat?post=86445"},{"taxonomy":"product_tag","embeddable":true,"href":"https:\/\/jafep.com\/fr\/wp-json\/wp\/v2\/product_tag?post=86445"}],"curies":[{"name":"wp","href":"https:\/\/api.w.org\/{rel}","templated":true}]}}