{"id":86442,"date":"2023-06-23T13:36:23","date_gmt":"2023-06-23T13:36:23","guid":{"rendered":"https:\/\/jafep.com\/producto\/facades-sonores-rev-textured\/"},"modified":"2025-08-18T19:19:52","modified_gmt":"2025-08-18T17:19:52","slug":"facades-sonores-rev-textured","status":"publish","type":"product","link":"https:\/\/jafep.com\/fr\/producto\/facades-sonores-rev-textured\/","title":{"rendered":"Fa\u00e7ades sonores Rev Textured"},"content":{"rendered":"<p>Rev\u00eatement lisse de texture fine et de haute qualit\u00e9, compos\u00e9 de r\u00e9sines acryliques en \u00e9mulsion qui conf\u00e8rent \u00e0 la peinture des propri\u00e9t\u00e9s innovantes : produit semi-\u00e9lastique, haute r\u00e9sistance aux ultraviolets et bonne duret\u00e9.<br \/>\nProduit id\u00e9al pour la protection des fa\u00e7ades qui pr\u00e9sente une blancheur, un pouvoir couvrant et un rendement exceptionnels, en plus d&#8217;un r\u00e9sultat d\u00e9coratif.<br \/>\nNon jaunissant, excellente r\u00e9sistance au farinage et peu odorant. Il imperm\u00e9abilise les fa\u00e7ades tout en maintenant leur respirabilit\u00e9. Sa formulation contient des additifs conservateurs pour prot\u00e9ger le film.  <\/p>\n","protected":false},"excerpt":{"rendered":"<p>Rev\u00eatement acrylique pur textur\u00e9<\/p>\n","protected":false},"featured_media":83637,"comment_status":"closed","ping_status":"closed","template":"","meta":{"_acf_changed":false,"_links_to":"","_links_to_target":""},"product_brand":[],"product_cat":[496,1325,750,1379],"product_tag":[],"class_list":{"0":"post-86442","1":"product","2":"type-product","3":"status-publish","4":"has-post-thumbnail","6":"product_cat-aural-fr","7":"product_cat-aural-hogar-fr","8":"product_cat-pinturas-plasticas-fr-2","9":"product_cat-revetements","10":"pa_iconos-rendimiento-5-8-m2-l-fr","12":"first","13":"instock","14":"shipping-taxable","15":"product-type-simple"},"acf":[],"_links":{"self":[{"href":"https:\/\/jafep.com\/fr\/wp-json\/wp\/v2\/product\/86442","targetHints":{"allow":["GET"]}}],"collection":[{"href":"https:\/\/jafep.com\/fr\/wp-json\/wp\/v2\/product"}],"about":[{"href":"https:\/\/jafep.com\/fr\/wp-json\/wp\/v2\/types\/product"}],"replies":[{"embeddable":true,"href":"https:\/\/jafep.com\/fr\/wp-json\/wp\/v2\/comments?post=86442"}],"wp:featuredmedia":[{"embeddable":true,"href":"https:\/\/jafep.com\/fr\/wp-json\/wp\/v2\/media\/83637"}],"wp:attachment":[{"href":"https:\/\/jafep.com\/fr\/wp-json\/wp\/v2\/media?parent=86442"}],"wp:term":[{"taxonomy":"product_brand","embeddable":true,"href":"https:\/\/jafep.com\/fr\/wp-json\/wp\/v2\/product_brand?post=86442"},{"taxonomy":"product_cat","embeddable":true,"href":"https:\/\/jafep.com\/fr\/wp-json\/wp\/v2\/product_cat?post=86442"},{"taxonomy":"product_tag","embeddable":true,"href":"https:\/\/jafep.com\/fr\/wp-json\/wp\/v2\/product_tag?post=86442"}],"curies":[{"name":"wp","href":"https:\/\/api.w.org\/{rel}","templated":true}]}}