{"id":86441,"date":"2023-02-14T11:53:58","date_gmt":"2023-02-14T11:53:58","guid":{"rendered":"https:\/\/jafep.com\/producto\/solvant-universel-recupere-pinroda\/"},"modified":"2025-08-18T19:19:51","modified_gmt":"2025-08-18T17:19:51","slug":"solvant-universel-recupere-pinroda","status":"publish","type":"product","link":"https:\/\/jafep.com\/fr\/producto\/solvant-universel-recupere-pinroda\/","title":{"rendered":"Solvant universel r\u00e9cup\u00e9r\u00e9 Pinroda"},"content":{"rendered":"<p>M\u00e9lange de solvants, dont certains sont r\u00e9cup\u00e9r\u00e9s. Convient \u00e0 la plupart des peintures \u00e0 base de solvants.   <\/p>\n","protected":false},"excerpt":{"rendered":"<p>M\u00e9lange de solvants, dont certains sont r\u00e9cup\u00e9r\u00e9s. Convient \u00e0 la plupart des peintures \u00e0 base de solvants.<\/p>\n","protected":false},"featured_media":83042,"comment_status":"closed","ping_status":"closed","template":"","meta":{"_acf_changed":false,"_links_to":"","_links_to_target":""},"product_brand":[],"product_cat":[1306],"product_tag":[],"class_list":{"0":"post-86441","1":"product","2":"type-product","3":"status-publish","4":"has-post-thumbnail","6":"product_cat-solvants","7":"pa_formatos-25l-fr","8":"pa_formatos-5l-fr","9":"pa_herramientas-brocha-esmalte-barniz-acrilico-microfibra-fr","10":"pa_herramientas-rodillo-fr-2","11":"pa_iconos-2-base-solvente-fr","13":"first","14":"instock","15":"shipping-taxable","16":"product-type-simple"},"acf":[],"_links":{"self":[{"href":"https:\/\/jafep.com\/fr\/wp-json\/wp\/v2\/product\/86441","targetHints":{"allow":["GET"]}}],"collection":[{"href":"https:\/\/jafep.com\/fr\/wp-json\/wp\/v2\/product"}],"about":[{"href":"https:\/\/jafep.com\/fr\/wp-json\/wp\/v2\/types\/product"}],"replies":[{"embeddable":true,"href":"https:\/\/jafep.com\/fr\/wp-json\/wp\/v2\/comments?post=86441"}],"wp:featuredmedia":[{"embeddable":true,"href":"https:\/\/jafep.com\/fr\/wp-json\/wp\/v2\/media\/83042"}],"wp:attachment":[{"href":"https:\/\/jafep.com\/fr\/wp-json\/wp\/v2\/media?parent=86441"}],"wp:term":[{"taxonomy":"product_brand","embeddable":true,"href":"https:\/\/jafep.com\/fr\/wp-json\/wp\/v2\/product_brand?post=86441"},{"taxonomy":"product_cat","embeddable":true,"href":"https:\/\/jafep.com\/fr\/wp-json\/wp\/v2\/product_cat?post=86441"},{"taxonomy":"product_tag","embeddable":true,"href":"https:\/\/jafep.com\/fr\/wp-json\/wp\/v2\/product_tag?post=86441"}],"curies":[{"name":"wp","href":"https:\/\/api.w.org\/{rel}","templated":true}]}}