{"id":86439,"date":"2025-07-25T12:04:28","date_gmt":"2025-07-25T10:04:28","guid":{"rendered":"https:\/\/jafep.com\/producto\/peinture-acrylique-jafeguard-silver-ion\/"},"modified":"2025-08-18T19:04:56","modified_gmt":"2025-08-18T17:04:56","slug":"peinture-acrylique-jafeguard-silver-ion","status":"publish","type":"product","link":"https:\/\/jafep.com\/fr\/producto\/peinture-acrylique-jafeguard-silver-ion\/","title":{"rendered":"Peinture acrylique Jafeguard Silver Ion"},"content":{"rendered":"<p>Peinture \u00e0 base d&#8217;eau \u00e0 haut pouvoir couvrant et excellente finition, pour la peinture des murs et des plafonds en int\u00e9rieur. Gr\u00e2ce \u00e0 l&#8217;incorporation d&#8217;ions d&#8217;argent, un conservateur antimicrobien durable et tr\u00e8s actif, elle emp\u00eache le d\u00e9veloppement et la prolif\u00e9ration des bact\u00e9ries qui se d\u00e9posent sur la peinture. Il contient un conservateur anti-moisissure pour prot\u00e9ger le film.<br \/>\nIl incorpore \u00e9galement la Technologie EasyClean d\u00e9velopp\u00e9e par Jafep, qui agit en emp\u00eachant l&#8217;absorption des taches dans la peinture, facilitant ainsi son nettoyage avec un simple coup de chiffon humide et sans avoir besoin de frotter, ce qui contribue \u00e0 maintenir ses excellentes propri\u00e9t\u00e9s dans le temps.<br \/>\nCela en fait l&#8217;une des alternatives les plus hygi\u00e9niques pour recouvrir les murs et les plafonds de n&#8217;importe quelle pi\u00e8ce.  <\/p>\n","protected":false},"excerpt":{"rendered":"<p>Peinture \u00e0 base d&#8217;eau \u00e0 haut pouvoir couvrant et excellente finition, pour la peinture des murs et des plafonds en int\u00e9rieur. Gr\u00e2ce \u00e0 l&#8217;incorporation d&#8217;ions d&#8217;argent, un conservateur antimicrobien durable et tr\u00e8s actif, elle emp\u00eache le d\u00e9veloppement et la prolif\u00e9ration des bact\u00e9ries qui se d\u00e9posent sur la peinture. Il contient un conservateur anti-moisissure pour prot\u00e9ger&#8230;<\/p>\n","protected":false},"featured_media":86214,"comment_status":"open","ping_status":"closed","template":"","meta":{"_acf_changed":false,"_links_to":"","_links_to_target":""},"product_brand":[],"product_cat":[1549,838,1547,754,752,294],"product_tag":[],"class_list":{"0":"post-86439","1":"product","2":"type-product","3":"status-publish","4":"has-post-thumbnail","6":"product_cat-decorer-peindre","7":"product_cat-en-mate-fr-2","8":"product_cat-interieurs","9":"product_cat-facil-limpieza-fr","10":"product_cat-contra-las-bacterias-fr","11":"product_cat-usos-especiales-fr","12":"pa_iconos-1-base-agua-fr","13":"pa_iconos-41-brocha-rodillo-pistola-fr","14":"pa_iconos-60-lavabilidad-nivel-1-fr","15":"pa_iconos-antibacterias-iones-plata-fr","16":"pa_iconos-conservateur-anti-moisissures-systeme-atmh","17":"pa_iconos-mate-fr","18":"pa_iconos-mate2-5-fr","19":"pa_iconos-rendimiento-10-14-m2-l-fr","21":"first","22":"instock","23":"shipping-taxable","24":"product-type-simple"},"acf":[],"_links":{"self":[{"href":"https:\/\/jafep.com\/fr\/wp-json\/wp\/v2\/product\/86439","targetHints":{"allow":["GET"]}}],"collection":[{"href":"https:\/\/jafep.com\/fr\/wp-json\/wp\/v2\/product"}],"about":[{"href":"https:\/\/jafep.com\/fr\/wp-json\/wp\/v2\/types\/product"}],"replies":[{"embeddable":true,"href":"https:\/\/jafep.com\/fr\/wp-json\/wp\/v2\/comments?post=86439"}],"wp:featuredmedia":[{"embeddable":true,"href":"https:\/\/jafep.com\/fr\/wp-json\/wp\/v2\/media\/86214"}],"wp:attachment":[{"href":"https:\/\/jafep.com\/fr\/wp-json\/wp\/v2\/media?parent=86439"}],"wp:term":[{"taxonomy":"product_brand","embeddable":true,"href":"https:\/\/jafep.com\/fr\/wp-json\/wp\/v2\/product_brand?post=86439"},{"taxonomy":"product_cat","embeddable":true,"href":"https:\/\/jafep.com\/fr\/wp-json\/wp\/v2\/product_cat?post=86439"},{"taxonomy":"product_tag","embeddable":true,"href":"https:\/\/jafep.com\/fr\/wp-json\/wp\/v2\/product_tag?post=86439"}],"curies":[{"name":"wp","href":"https:\/\/api.w.org\/{rel}","templated":true}]}}