{"id":86438,"date":"2025-05-07T14:34:57","date_gmt":"2025-05-07T14:34:57","guid":{"rendered":"https:\/\/jafep.com\/producto\/jafeplus-jpl-605-m-peinture-plastique-mate\/"},"modified":"2025-08-18T19:04:55","modified_gmt":"2025-08-18T17:04:55","slug":"jafeplus-jpl-605-m-peinture-plastique-mate","status":"publish","type":"product","link":"https:\/\/jafep.com\/fr\/producto\/jafeplus-jpl-605-m-peinture-plastique-mate\/","title":{"rendered":"JafePlus JPL 605-M Peinture plastique mate"},"content":{"rendered":"<p>Peinture plastique pour l&#8217;int\u00e9rieur et l&#8217;ext\u00e9rieur, \u00e0 haut rendement et couverture maximale, avec une tr\u00e8s bonne facilit\u00e9 d&#8217;application, n&#8217;\u00e9clabousse pas et ne coule pas, dissimule les r\u00e9visions en laissant une excellente finition sans traces de rouleau ou de brillance, fournit une finition mate extra profonde, tr\u00e8s bonne lavabilit\u00e9, incorpore un conservateur anti-moisissure. D\u00e9sodoris\u00e9 et parfum\u00e9. <\/p>\n","protected":false},"excerpt":{"rendered":"<p>Peinture plastique adapt\u00e9e \u00e0 l&#8217;int\u00e9rieur et \u00e0 l&#8217;ext\u00e9rieur, \u00e0 haut rendement et \u00e0 couverture maximale, avec une tr\u00e8s bonne facilit\u00e9 d&#8217;application, n&#8217;\u00e9clabousse pas et ne coule pas, dissimule les r\u00e9visions en laissant une excellente finition sans traces de rouleau ni reflets, fournit une finition mate extra profonde, tr\u00e8s bonne lavabilit\u00e9, incorpore un conservateur anti-moisissure. D\u00e9sodoris\u00e9 et parfum\u00e9. <\/p>\n","protected":false},"featured_media":87421,"comment_status":"open","ping_status":"closed","template":"","meta":{"_acf_changed":false,"_links_to":"","_links_to_target":""},"product_brand":[],"product_cat":[1549,828,838,502,829,750,1430,1539],"product_tag":[],"class_list":{"0":"post-86438","1":"product","2":"type-product","3":"status-publish","4":"has-post-thumbnail","6":"product_cat-decorer-peindre","7":"product_cat-exteriores-fr","8":"product_cat-en-mate-fr-2","9":"product_cat-mates-fr","10":"product_cat-fachadas-fr","11":"product_cat-pinturas-plasticas-fr-2","12":"product_cat-utilisations","13":"product_cat-zones-faiblement-humides","14":"pa_formatos-15-l-fr","15":"pa_formatos-4-l-fr","16":"pa_herramientas-brocha-fr","17":"pa_herramientas-pistola-fr","18":"pa_herramientas-rodillo-fr-2","19":"pa_iconos-30-rendimiento-12-14-m2-fr","20":"pa_iconos-41-brocha-rodillo-pistola-fr","21":"pa_iconos-45-exterior-interior-fr","22":"pa_iconos-conservateur-anti-moisissures-systeme-atmh","23":"pa_iconos-desodorisee-et-aromatisee","24":"pa_iconos-extra-mate-profundo-fr","25":"pa_iconos-producto-al-agua-fr","27":"first","28":"instock","29":"shipping-taxable","30":"product-type-simple"},"acf":[],"_links":{"self":[{"href":"https:\/\/jafep.com\/fr\/wp-json\/wp\/v2\/product\/86438","targetHints":{"allow":["GET"]}}],"collection":[{"href":"https:\/\/jafep.com\/fr\/wp-json\/wp\/v2\/product"}],"about":[{"href":"https:\/\/jafep.com\/fr\/wp-json\/wp\/v2\/types\/product"}],"replies":[{"embeddable":true,"href":"https:\/\/jafep.com\/fr\/wp-json\/wp\/v2\/comments?post=86438"}],"wp:featuredmedia":[{"embeddable":true,"href":"https:\/\/jafep.com\/fr\/wp-json\/wp\/v2\/media\/87421"}],"wp:attachment":[{"href":"https:\/\/jafep.com\/fr\/wp-json\/wp\/v2\/media?parent=86438"}],"wp:term":[{"taxonomy":"product_brand","embeddable":true,"href":"https:\/\/jafep.com\/fr\/wp-json\/wp\/v2\/product_brand?post=86438"},{"taxonomy":"product_cat","embeddable":true,"href":"https:\/\/jafep.com\/fr\/wp-json\/wp\/v2\/product_cat?post=86438"},{"taxonomy":"product_tag","embeddable":true,"href":"https:\/\/jafep.com\/fr\/wp-json\/wp\/v2\/product_tag?post=86438"}],"curies":[{"name":"wp","href":"https:\/\/api.w.org\/{rel}","templated":true}]}}