{"id":86436,"date":"2025-01-13T14:31:40","date_gmt":"2025-01-13T14:31:40","guid":{"rendered":"https:\/\/jafep.com\/producto\/multirev-facades-200-bardage-lisse\/"},"modified":"2025-08-18T19:04:52","modified_gmt":"2025-08-18T17:04:52","slug":"multirev-facades-200-bardage-lisse","status":"publish","type":"product","link":"https:\/\/jafep.com\/fr\/producto\/multirev-facades-200-bardage-lisse\/","title":{"rendered":"Multirev Facades 200. bardage lisse"},"content":{"rendered":"<p>Rev\u00eatement \u00e0 base de r\u00e9sine acrylique pour la d\u00e9coration et la protection de fa\u00e7ades, terrasses, murs ext\u00e9rieurs, etc. Pour environnements de climatologie moyenne. Con\u00e7u en trois bases (P, D et TR) pour obtenir des finitions de diff\u00e9rentes nuances de couleur en combinaison avec les colorants ext\u00e9rieurs de notre syst\u00e8me tintom\u00e9trique d\u00e9coratif. Avec conservateur anti-moisissure.   <\/p>\n","protected":false},"excerpt":{"rendered":"<p>Rev\u00eatement \u00e0 base de r\u00e9sine acrylique pour la d\u00e9coration et la protection de fa\u00e7ades, terrasses, murs ext\u00e9rieurs, etc. Pour environnements de climatologie moyenne. Con\u00e7u en trois bases (P, D et TR) pour obtenir des finitions de diff\u00e9rentes nuances de couleur en combinaison avec les colorants ext\u00e9rieurs de notre syst\u00e8me tintom\u00e9trique d\u00e9coratif. Avec conservateur anti-moisissure.<\/p>\n","protected":false},"featured_media":83139,"comment_status":"closed","ping_status":"closed","template":"","meta":{"_acf_changed":false,"_links_to":"","_links_to_target":""},"product_brand":[],"product_cat":[551,828,1294,829,1540,1397,1539],"product_tag":[],"class_list":{"0":"post-86436","1":"product","2":"type-product","3":"status-publish","4":"has-post-thumbnail","6":"product_cat-bases-systeme-multicouleur","7":"product_cat-exteriores-fr","8":"product_cat-familles-fr","9":"product_cat-fachadas-fr","10":"product_cat-peindre-les-terrasses","11":"product_cat-sisteme-a-teinter","12":"product_cat-zones-faiblement-humides","13":"pa_iconos-1-base-agua-fr","14":"pa_iconos-33-rendimiento-8-10-m2l-fr","15":"pa_iconos-41-brocha-rodillo-pistola-fr","16":"pa_iconos-45-exterior-interior-fr","17":"pa_iconos-62-lavabilidad-nivel-3-fr","18":"pa_iconos-basep-fr","19":"pa_iconos-conservateur-anti-moisissures-systeme-atmh","20":"pa_iconos-mate-fr","21":"pa_iconos-mate3-fr","22":"pa_iconos-multicolor-fr","24":"first","25":"instock","26":"shipping-taxable","27":"product-type-simple"},"acf":[],"_links":{"self":[{"href":"https:\/\/jafep.com\/fr\/wp-json\/wp\/v2\/product\/86436","targetHints":{"allow":["GET"]}}],"collection":[{"href":"https:\/\/jafep.com\/fr\/wp-json\/wp\/v2\/product"}],"about":[{"href":"https:\/\/jafep.com\/fr\/wp-json\/wp\/v2\/types\/product"}],"replies":[{"embeddable":true,"href":"https:\/\/jafep.com\/fr\/wp-json\/wp\/v2\/comments?post=86436"}],"wp:featuredmedia":[{"embeddable":true,"href":"https:\/\/jafep.com\/fr\/wp-json\/wp\/v2\/media\/83139"}],"wp:attachment":[{"href":"https:\/\/jafep.com\/fr\/wp-json\/wp\/v2\/media?parent=86436"}],"wp:term":[{"taxonomy":"product_brand","embeddable":true,"href":"https:\/\/jafep.com\/fr\/wp-json\/wp\/v2\/product_brand?post=86436"},{"taxonomy":"product_cat","embeddable":true,"href":"https:\/\/jafep.com\/fr\/wp-json\/wp\/v2\/product_cat?post=86436"},{"taxonomy":"product_tag","embeddable":true,"href":"https:\/\/jafep.com\/fr\/wp-json\/wp\/v2\/product_tag?post=86436"}],"curies":[{"name":"wp","href":"https:\/\/api.w.org\/{rel}","templated":true}]}}