{"id":86434,"date":"2024-11-21T14:36:18","date_gmt":"2024-11-21T14:36:18","guid":{"rendered":"https:\/\/jafep.com\/producto\/protecteur-mineral\/"},"modified":"2025-08-18T19:04:51","modified_gmt":"2025-08-18T17:04:51","slug":"protecteur-mineral","status":"publish","type":"product","link":"https:\/\/jafep.com\/fr\/producto\/protecteur-mineral\/","title":{"rendered":"Protecteur min\u00e9ral"},"content":{"rendered":"<p>Protecteur pour surfaces min\u00e9rales et b\u00e9ton m\u00eame avec une faible absorption, n&#8217;alt\u00e8re pas l&#8217;aspect, prot\u00e8ge en p\u00e9n\u00e9trant en profondeur et en consolidant le support et imperm\u00e9abilise avec un effet hydrophobe.<\/p>\n","protected":false},"excerpt":{"rendered":"<p>Protecteur pour surfaces min\u00e9rales et b\u00e9ton m\u00eame avec une faible absorption, n&#8217;alt\u00e8re pas l&#8217;aspect, prot\u00e8ge en p\u00e9n\u00e9trant en profondeur et en consolidant le support et imperm\u00e9abilise avec un effet hydrophobe.<\/p>\n","protected":false},"featured_media":85658,"comment_status":"closed","ping_status":"closed","template":"","meta":{"_acf_changed":false,"_links_to":"","_links_to_target":""},"product_brand":[],"product_cat":[828,1501,1583,1312,471,1499,830],"product_tag":[],"class_list":{"0":"post-86434","1":"product","2":"type-product","3":"status-publish","4":"has-post-thumbnail","6":"product_cat-exteriores-fr","7":"product_cat-humidite","8":"product_cat-impermeabilisation","9":"product_cat-ligne-anti-humidite","10":"product_cat-produits-complementaires","11":"product_cat-reparer-resoudre-les-problemes","12":"product_cat-zonas-muy-humedas-fr","13":"pa_iconos-1-base-agua-fr","14":"pa_iconos-exterior-fr","15":"pa_iconos-rendimiento-4-6-m2-l-fr","17":"first","18":"instock","19":"shipping-taxable","20":"product-type-simple"},"acf":[],"_links":{"self":[{"href":"https:\/\/jafep.com\/fr\/wp-json\/wp\/v2\/product\/86434","targetHints":{"allow":["GET"]}}],"collection":[{"href":"https:\/\/jafep.com\/fr\/wp-json\/wp\/v2\/product"}],"about":[{"href":"https:\/\/jafep.com\/fr\/wp-json\/wp\/v2\/types\/product"}],"replies":[{"embeddable":true,"href":"https:\/\/jafep.com\/fr\/wp-json\/wp\/v2\/comments?post=86434"}],"wp:featuredmedia":[{"embeddable":true,"href":"https:\/\/jafep.com\/fr\/wp-json\/wp\/v2\/media\/85658"}],"wp:attachment":[{"href":"https:\/\/jafep.com\/fr\/wp-json\/wp\/v2\/media?parent=86434"}],"wp:term":[{"taxonomy":"product_brand","embeddable":true,"href":"https:\/\/jafep.com\/fr\/wp-json\/wp\/v2\/product_brand?post=86434"},{"taxonomy":"product_cat","embeddable":true,"href":"https:\/\/jafep.com\/fr\/wp-json\/wp\/v2\/product_cat?post=86434"},{"taxonomy":"product_tag","embeddable":true,"href":"https:\/\/jafep.com\/fr\/wp-json\/wp\/v2\/product_tag?post=86434"}],"curies":[{"name":"wp","href":"https:\/\/api.w.org\/{rel}","templated":true}]}}