{"id":86432,"date":"2024-11-18T12:24:43","date_gmt":"2024-11-18T12:24:43","guid":{"rendered":"https:\/\/jafep.com\/producto\/petrex-5-mortier-tx-12-siloxane\/"},"modified":"2025-08-18T19:04:47","modified_gmt":"2025-08-18T17:04:47","slug":"petrex-5-mortier-tx-12-siloxane","status":"publish","type":"product","link":"https:\/\/jafep.com\/fr\/producto\/petrex-5-mortier-tx-12-siloxane\/","title":{"rendered":"P\u00e9trex 5 Mortier TX 1,2 siloxane"},"content":{"rendered":"<p>Mortier acrylique avec une couche \u00e9paisse sp\u00e9ciale pour fa\u00e7ades, formul\u00e9 avec des r\u00e9sines acryliques modifi\u00e9es par des siloxanes qui lui conf\u00e8rent des propri\u00e9t\u00e9s hydrofuges, am\u00e9liorant son imperm\u00e9abilit\u00e9 \u00e0 l&#8217;eau liquide et sa respirabilit\u00e9.<br \/>\nC&#8217;est un produit avec un long temps ouvert qui offre une tr\u00e8s bonne ouvrabilit\u00e9, avec une hydrophobie initiale \u00e9lev\u00e9e et une grande solidit\u00e9 \u00e0 la lumi\u00e8re, \u00e9lastique et avec un grand pouvoir couvrant et garnissant.<\/p>\n","protected":false},"excerpt":{"rendered":"<p>Mortier acrylique avec une couche \u00e9paisse sp\u00e9ciale pour fa\u00e7ades, formul\u00e9 avec des r\u00e9sines acryliques modifi\u00e9es par des siloxanes qui lui conf\u00e8rent des propri\u00e9t\u00e9s hydrofuges, am\u00e9liorant son imperm\u00e9abilit\u00e9 \u00e0 l&#8217;eau liquide et sa respirabilit\u00e9. C&#8217;est un produit avec un long temps ouvert qui offre une tr\u00e8s bonne ouvrabilit\u00e9, avec une hydrophobie initiale \u00e9lev\u00e9e et une grande&#8230;<\/p>\n","protected":false},"featured_media":83765,"comment_status":"closed","ping_status":"closed","template":"","meta":{"_acf_changed":false,"_links_to":"","_links_to_target":""},"product_brand":[],"product_cat":[828,1581,1389,1379],"product_tag":[],"class_list":{"0":"post-86432","1":"product","2":"type-product","3":"status-publish","4":"has-post-thumbnail","6":"product_cat-exteriores-fr","7":"product_cat-ite-isolation-thermique-par-lexterieur","8":"product_cat-mortiers-acryliques","9":"product_cat-revetements","10":"pa_iconos-1-base-agua-fr","11":"pa_iconos-ce-etag-004-fr","12":"pa_iconos-conservateur-anti-moisissures-systeme-atmh","13":"pa_iconos-fratasado-mate-fr","14":"pa_iconos-rendimiento-0-7-0-8-m2-l-fr","16":"first","17":"instock","18":"shipping-taxable","19":"product-type-simple"},"acf":[],"_links":{"self":[{"href":"https:\/\/jafep.com\/fr\/wp-json\/wp\/v2\/product\/86432","targetHints":{"allow":["GET"]}}],"collection":[{"href":"https:\/\/jafep.com\/fr\/wp-json\/wp\/v2\/product"}],"about":[{"href":"https:\/\/jafep.com\/fr\/wp-json\/wp\/v2\/types\/product"}],"replies":[{"embeddable":true,"href":"https:\/\/jafep.com\/fr\/wp-json\/wp\/v2\/comments?post=86432"}],"wp:featuredmedia":[{"embeddable":true,"href":"https:\/\/jafep.com\/fr\/wp-json\/wp\/v2\/media\/83765"}],"wp:attachment":[{"href":"https:\/\/jafep.com\/fr\/wp-json\/wp\/v2\/media?parent=86432"}],"wp:term":[{"taxonomy":"product_brand","embeddable":true,"href":"https:\/\/jafep.com\/fr\/wp-json\/wp\/v2\/product_brand?post=86432"},{"taxonomy":"product_cat","embeddable":true,"href":"https:\/\/jafep.com\/fr\/wp-json\/wp\/v2\/product_cat?post=86432"},{"taxonomy":"product_tag","embeddable":true,"href":"https:\/\/jafep.com\/fr\/wp-json\/wp\/v2\/product_tag?post=86432"}],"curies":[{"name":"wp","href":"https:\/\/api.w.org\/{rel}","templated":true}]}}