{"id":86431,"date":"2024-11-11T09:35:17","date_gmt":"2024-11-11T09:35:17","guid":{"rendered":"https:\/\/jafep.com\/producto\/email-anti-calorique-noir\/"},"modified":"2025-08-18T19:04:46","modified_gmt":"2025-08-18T17:04:46","slug":"email-anti-calorique-noir","status":"publish","type":"product","link":"https:\/\/jafep.com\/fr\/producto\/email-anti-calorique-noir\/","title":{"rendered":"\u00c9mail anti-calorique noir"},"content":{"rendered":"<p>Ce produit est id\u00e9al pour l&#8217;entretien et la pr\u00e9servation des pi\u00e8ces ou des surfaces qui n\u00e9cessitent une protection contre les temp\u00e9ratures \u00e9lev\u00e9es en raison de leur exposition \u00e0 la chaleur, comme dans le cas des chemin\u00e9es, des cuisini\u00e8res, des grilles, des syst\u00e8mes d&#8217;\u00e9chappement, des conduits, des chaudi\u00e8res, entre autres. Ce produit r\u00e9siste \u00e0 des temp\u00e9ratures allant jusqu&#8217;\u00e0 500\u00baC. <\/p>\n","protected":false},"excerpt":{"rendered":"<p>Ce produit est id\u00e9al pour l&#8217;entretien et la pr\u00e9servation des pi\u00e8ces ou des surfaces qui n\u00e9cessitent une protection contre les temp\u00e9ratures \u00e9lev\u00e9es en raison de leur exposition \u00e0 la chaleur, comme dans le cas des chemin\u00e9es, des cuisini\u00e8res, des grilles, des syst\u00e8mes d&#8217;\u00e9chappement, des conduits, des chaudi\u00e8res, entre autres. Ce produit r\u00e9siste \u00e0 des temp\u00e9ratures&#8230;<\/p>\n","protected":false},"featured_media":83791,"comment_status":"closed","ping_status":"closed","template":"","meta":{"_acf_changed":false,"_links_to":"","_links_to_target":""},"product_brand":[],"product_cat":[984,987,446,986],"product_tag":[],"class_list":{"0":"post-86431","1":"product","2":"type-product","3":"status-publish","4":"has-post-thumbnail","6":"product_cat-esmaltes-imprimaciones-y-selladoras-fr","7":"product_cat-metal-fr","8":"product_cat-peintures-laques-speciales","9":"product_cat-estufas-chimeneas-barbacoas-fr","10":"pa_iconos-2-base-solvente-fr","11":"pa_iconos-45-exterior-interior-fr","12":"pa_iconos-rendimiento-5-6-m2-l-fr","13":"pa_iconos-satinado-fr","15":"first","16":"instock","17":"shipping-taxable","18":"product-type-simple"},"acf":[],"_links":{"self":[{"href":"https:\/\/jafep.com\/fr\/wp-json\/wp\/v2\/product\/86431","targetHints":{"allow":["GET"]}}],"collection":[{"href":"https:\/\/jafep.com\/fr\/wp-json\/wp\/v2\/product"}],"about":[{"href":"https:\/\/jafep.com\/fr\/wp-json\/wp\/v2\/types\/product"}],"replies":[{"embeddable":true,"href":"https:\/\/jafep.com\/fr\/wp-json\/wp\/v2\/comments?post=86431"}],"wp:featuredmedia":[{"embeddable":true,"href":"https:\/\/jafep.com\/fr\/wp-json\/wp\/v2\/media\/83791"}],"wp:attachment":[{"href":"https:\/\/jafep.com\/fr\/wp-json\/wp\/v2\/media?parent=86431"}],"wp:term":[{"taxonomy":"product_brand","embeddable":true,"href":"https:\/\/jafep.com\/fr\/wp-json\/wp\/v2\/product_brand?post=86431"},{"taxonomy":"product_cat","embeddable":true,"href":"https:\/\/jafep.com\/fr\/wp-json\/wp\/v2\/product_cat?post=86431"},{"taxonomy":"product_tag","embeddable":true,"href":"https:\/\/jafep.com\/fr\/wp-json\/wp\/v2\/product_tag?post=86431"}],"curies":[{"name":"wp","href":"https:\/\/api.w.org\/{rel}","templated":true}]}}