{"id":86430,"date":"2023-12-04T12:58:26","date_gmt":"2023-12-04T12:58:26","guid":{"rendered":"https:\/\/jafep.com\/producto\/pont-de-collage-texture\/"},"modified":"2025-08-18T19:04:46","modified_gmt":"2025-08-18T17:04:46","slug":"pont-de-collage-texture","status":"publish","type":"product","link":"https:\/\/jafep.com\/fr\/producto\/pont-de-collage-texture\/","title":{"rendered":"Pont de collage textur\u00e9"},"content":{"rendered":"<p>Produit granul\u00e9 \u00e0 base de polym\u00e8res acryliques en \u00e9mulsion aqueuse et de charges min\u00e9rales qui agit comme un pont d&#8217;adh\u00e9rence sur les surfaces verticales et horizontales.<\/p>\n","protected":false},"excerpt":{"rendered":"<p>br\u00e8ve description<\/p>\n","protected":false},"featured_media":83114,"comment_status":"closed","ping_status":"closed","template":"","meta":{"_acf_changed":false,"_links_to":"","_links_to_target":""},"product_brand":[],"product_cat":[1548,1585,536,828,1547,1359,1504,1509],"product_tag":[],"class_list":{"0":"post-86430","1":"product","2":"type-product","3":"status-publish","4":"has-post-thumbnail","6":"product_cat-avant-de-peindre-fr-3","7":"product_cat-avant-de-peindre-fr-4","8":"product_cat-complements","9":"product_cat-exteriores-fr","10":"product_cat-interieurs","11":"product_cat-preparation-et-sous-couches","12":"product_cat-recouvrir-le-carrelage","13":"product_cat-restaurer","14":"pa_formatos-15l-fr","15":"pa_formatos-4l-fr","16":"pa_herramientas-airless-fr","17":"pa_herramientas-brocha-fr","18":"pa_herramientas-pistola-fr","19":"pa_herramientas-rodillo-fr-2","20":"pa_iconos-1-base-agua-fr","21":"pa_iconos-41-brocha-rodillo-pistola-fr","22":"pa_iconos-45-exterior-interior-fr","23":"pa_iconos-rendimiento-6-8-m2l-fr","25":"first","26":"instock","27":"shipping-taxable","28":"product-type-simple"},"acf":[],"_links":{"self":[{"href":"https:\/\/jafep.com\/fr\/wp-json\/wp\/v2\/product\/86430","targetHints":{"allow":["GET"]}}],"collection":[{"href":"https:\/\/jafep.com\/fr\/wp-json\/wp\/v2\/product"}],"about":[{"href":"https:\/\/jafep.com\/fr\/wp-json\/wp\/v2\/types\/product"}],"replies":[{"embeddable":true,"href":"https:\/\/jafep.com\/fr\/wp-json\/wp\/v2\/comments?post=86430"}],"wp:featuredmedia":[{"embeddable":true,"href":"https:\/\/jafep.com\/fr\/wp-json\/wp\/v2\/media\/83114"}],"wp:attachment":[{"href":"https:\/\/jafep.com\/fr\/wp-json\/wp\/v2\/media?parent=86430"}],"wp:term":[{"taxonomy":"product_brand","embeddable":true,"href":"https:\/\/jafep.com\/fr\/wp-json\/wp\/v2\/product_brand?post=86430"},{"taxonomy":"product_cat","embeddable":true,"href":"https:\/\/jafep.com\/fr\/wp-json\/wp\/v2\/product_cat?post=86430"},{"taxonomy":"product_tag","embeddable":true,"href":"https:\/\/jafep.com\/fr\/wp-json\/wp\/v2\/product_tag?post=86430"}],"curies":[{"name":"wp","href":"https:\/\/api.w.org\/{rel}","templated":true}]}}