{"id":86428,"date":"2023-11-24T09:59:37","date_gmt":"2023-11-24T09:59:37","guid":{"rendered":"https:\/\/jafep.com\/producto\/peinture-plastique-velour-bases-p-d-et-tr\/"},"modified":"2025-08-18T19:04:44","modified_gmt":"2025-08-18T17:04:44","slug":"peinture-plastique-velour-bases-p-d-et-tr","status":"publish","type":"product","link":"https:\/\/jafep.com\/fr\/producto\/peinture-plastique-velour-bases-p-d-et-tr\/","title":{"rendered":"Peinture plastique Velour &#8211; Bases P, D et TR"},"content":{"rendered":"<p>Peinture vinylique avec finition semi-mate dans le style fran\u00e7ais traditionnel (Velours). Lavable et r\u00e9sistant aux rayures. <\/p>\n<p>Con\u00e7u en trois bases P, D et TR pour obtenir des finitions dans diff\u00e9rentes nuances de couleurs.  <\/p>\n","protected":false},"excerpt":{"rendered":"<p>Peinture vinylique avec finition semi-mate dans le style fran\u00e7ais traditionnel (Velours). Lavable et r\u00e9sistant aux rayures. Con\u00e7u en trois bases P, D et TR pour obtenir des finitions dans diff\u00e9rentes nuances de couleurs.<\/p>\n","protected":false},"featured_media":83109,"comment_status":"closed","ping_status":"closed","template":"","meta":{"_acf_changed":false,"_links_to":"","_links_to_target":""},"product_brand":[],"product_cat":[551,1397],"product_tag":[],"class_list":{"0":"post-86428","1":"product","2":"type-product","3":"status-publish","4":"has-post-thumbnail","6":"product_cat-bases-systeme-multicouleur","7":"product_cat-sisteme-a-teinter","8":"pa_formatos-15l-fr","9":"pa_formatos-4l-fr","10":"pa_herramientas-airless-fr","11":"pa_herramientas-brocha-fr","12":"pa_herramientas-pistola-fr","13":"pa_herramientas-rodillo-fr-2","14":"pa_iconos-1-base-agua-fr","15":"pa_iconos-34-rendimiento-de-10-12-m2l-fr","16":"pa_iconos-41-brocha-rodillo-pistola-fr","17":"pa_iconos-45-exterior-interior-fr","18":"pa_iconos-61-lavabilidad-nivel-2-fr","20":"first","21":"instock","22":"shipping-taxable","23":"product-type-simple"},"acf":[],"_links":{"self":[{"href":"https:\/\/jafep.com\/fr\/wp-json\/wp\/v2\/product\/86428","targetHints":{"allow":["GET"]}}],"collection":[{"href":"https:\/\/jafep.com\/fr\/wp-json\/wp\/v2\/product"}],"about":[{"href":"https:\/\/jafep.com\/fr\/wp-json\/wp\/v2\/types\/product"}],"replies":[{"embeddable":true,"href":"https:\/\/jafep.com\/fr\/wp-json\/wp\/v2\/comments?post=86428"}],"wp:featuredmedia":[{"embeddable":true,"href":"https:\/\/jafep.com\/fr\/wp-json\/wp\/v2\/media\/83109"}],"wp:attachment":[{"href":"https:\/\/jafep.com\/fr\/wp-json\/wp\/v2\/media?parent=86428"}],"wp:term":[{"taxonomy":"product_brand","embeddable":true,"href":"https:\/\/jafep.com\/fr\/wp-json\/wp\/v2\/product_brand?post=86428"},{"taxonomy":"product_cat","embeddable":true,"href":"https:\/\/jafep.com\/fr\/wp-json\/wp\/v2\/product_cat?post=86428"},{"taxonomy":"product_tag","embeddable":true,"href":"https:\/\/jafep.com\/fr\/wp-json\/wp\/v2\/product_tag?post=86428"}],"curies":[{"name":"wp","href":"https:\/\/api.w.org\/{rel}","templated":true}]}}