{"id":86427,"date":"2024-02-07T09:17:06","date_gmt":"2024-02-07T09:17:06","guid":{"rendered":"https:\/\/jafep.com\/producto\/email-synthetique-professionnel\/"},"modified":"2025-08-18T19:04:43","modified_gmt":"2025-08-18T17:04:43","slug":"email-synthetique-professionnel","status":"publish","type":"product","link":"https:\/\/jafep.com\/fr\/producto\/email-synthetique-professionnel\/","title":{"rendered":"\u00c9mail synth\u00e9tique professionnel"},"content":{"rendered":"<p>Laque synth\u00e9tique formul\u00e9e avec des r\u00e9sines alkydes et des pigments de r\u00e9sistance \u00e9prouv\u00e9e et de stabilit\u00e9 \u00e0 la lumi\u00e8re, qui permet d&#8217;obtenir des finitions de qualit\u00e9 sup\u00e9rieure.<\/p>\n<p>Il est recommand\u00e9 d&#8217;appliquer des couches fines et de respecter les temps de s\u00e9chage et de remise en peinture afin d&#8217;obtenir des performances optimales et maximales.<\/p>\n","protected":false},"excerpt":{"rendered":"<p>Laque synth\u00e9tique formul\u00e9e avec des r\u00e9sines alkydes et des pigments de r\u00e9sistance \u00e9prouv\u00e9e et de stabilit\u00e9 \u00e0 la lumi\u00e8re, qui permet d&#8217;obtenir des finitions de qualit\u00e9 sup\u00e9rieure. Il est recommand\u00e9 d&#8217;appliquer des couches fines et de respecter les temps de s\u00e9chage et de remise en peinture afin d&#8217;obtenir des performances optimales et maximales.<\/p>\n","protected":false},"featured_media":83129,"comment_status":"closed","ping_status":"closed","template":"","meta":{"_acf_changed":false,"_links_to":"","_links_to_target":""},"product_brand":[],"product_cat":[984,987,779,446,780],"product_tag":[],"class_list":{"0":"post-86427","1":"product","2":"type-product","3":"status-publish","4":"has-post-thumbnail","6":"product_cat-esmaltes-imprimaciones-y-selladoras-fr","7":"product_cat-metal-fr","8":"product_cat-pintar-cambiar-el-color-fr","9":"product_cat-peintures-laques-speciales","10":"product_cat-proteger-metal-fr","11":"pa_herramientas-airless-fr","12":"pa_herramientas-pistola-fr","13":"pa_iconos-2-base-solvente-fr","14":"pa_iconos-34-rendimiento-de-10-12-m2l-fr","15":"pa_iconos-45-exterior-interior-fr","16":"pa_iconos-brillante-satinado-fr","17":"pa_iconos-uso-prof-titulado-fr","19":"first","20":"instock","21":"shipping-taxable","22":"product-type-simple"},"acf":[],"_links":{"self":[{"href":"https:\/\/jafep.com\/fr\/wp-json\/wp\/v2\/product\/86427","targetHints":{"allow":["GET"]}}],"collection":[{"href":"https:\/\/jafep.com\/fr\/wp-json\/wp\/v2\/product"}],"about":[{"href":"https:\/\/jafep.com\/fr\/wp-json\/wp\/v2\/types\/product"}],"replies":[{"embeddable":true,"href":"https:\/\/jafep.com\/fr\/wp-json\/wp\/v2\/comments?post=86427"}],"wp:featuredmedia":[{"embeddable":true,"href":"https:\/\/jafep.com\/fr\/wp-json\/wp\/v2\/media\/83129"}],"wp:attachment":[{"href":"https:\/\/jafep.com\/fr\/wp-json\/wp\/v2\/media?parent=86427"}],"wp:term":[{"taxonomy":"product_brand","embeddable":true,"href":"https:\/\/jafep.com\/fr\/wp-json\/wp\/v2\/product_brand?post=86427"},{"taxonomy":"product_cat","embeddable":true,"href":"https:\/\/jafep.com\/fr\/wp-json\/wp\/v2\/product_cat?post=86427"},{"taxonomy":"product_tag","embeddable":true,"href":"https:\/\/jafep.com\/fr\/wp-json\/wp\/v2\/product_tag?post=86427"}],"curies":[{"name":"wp","href":"https:\/\/api.w.org\/{rel}","templated":true}]}}