{"id":86426,"date":"2023-10-20T11:41:56","date_gmt":"2023-10-20T11:41:56","guid":{"rendered":"https:\/\/jafep.com\/producto\/peinture-pour-pelouse\/"},"modified":"2025-08-18T19:04:43","modified_gmt":"2025-08-18T17:04:43","slug":"peinture-pour-pelouse","status":"publish","type":"product","link":"https:\/\/jafep.com\/fr\/producto\/peinture-pour-pelouse\/","title":{"rendered":"Peinture pour pelouse"},"content":{"rendered":"<p>Peinture de d\u00e9marcation pour l&#8217;application sur des supports v\u00e9g\u00e9taux naturels. Elle respecte la respirabilit\u00e9 de la plante et ne l&#8217;agresse pas car elle est formul\u00e9e avec des compos\u00e9s non agressifs.   <\/p>\n","protected":false},"excerpt":{"rendered":"<p>Peinture pour pelouse  <\/p>\n","protected":false},"featured_media":83092,"comment_status":"closed","ping_status":"closed","template":"","meta":{"_acf_changed":false,"_links_to":"","_links_to_target":""},"product_brand":[],"product_cat":[1317],"product_tag":[],"class_list":{"0":"post-86426","1":"product","2":"type-product","3":"status-publish","4":"has-post-thumbnail","6":"product_cat-ligne-sportive","7":"pa_herramientas-airless-fr","8":"pa_herramientas-brocha-fr","9":"pa_herramientas-pistola-fr","10":"pa_herramientas-rodillo-fr-2","11":"pa_iconos-1-base-agua-fr","12":"pa_iconos-41-brocha-rodillo-pistola-fr","13":"pa_iconos-mate-fr","14":"pa_iconos-rendimiento-5-7-m2-l-fr","16":"first","17":"instock","18":"shipping-taxable","19":"product-type-simple"},"acf":[],"_links":{"self":[{"href":"https:\/\/jafep.com\/fr\/wp-json\/wp\/v2\/product\/86426","targetHints":{"allow":["GET"]}}],"collection":[{"href":"https:\/\/jafep.com\/fr\/wp-json\/wp\/v2\/product"}],"about":[{"href":"https:\/\/jafep.com\/fr\/wp-json\/wp\/v2\/types\/product"}],"replies":[{"embeddable":true,"href":"https:\/\/jafep.com\/fr\/wp-json\/wp\/v2\/comments?post=86426"}],"wp:featuredmedia":[{"embeddable":true,"href":"https:\/\/jafep.com\/fr\/wp-json\/wp\/v2\/media\/83092"}],"wp:attachment":[{"href":"https:\/\/jafep.com\/fr\/wp-json\/wp\/v2\/media?parent=86426"}],"wp:term":[{"taxonomy":"product_brand","embeddable":true,"href":"https:\/\/jafep.com\/fr\/wp-json\/wp\/v2\/product_brand?post=86426"},{"taxonomy":"product_cat","embeddable":true,"href":"https:\/\/jafep.com\/fr\/wp-json\/wp\/v2\/product_cat?post=86426"},{"taxonomy":"product_tag","embeddable":true,"href":"https:\/\/jafep.com\/fr\/wp-json\/wp\/v2\/product_tag?post=86426"}],"curies":[{"name":"wp","href":"https:\/\/api.w.org\/{rel}","templated":true}]}}