{"id":86425,"date":"2023-08-09T08:30:18","date_gmt":"2023-08-09T08:30:18","guid":{"rendered":"https:\/\/jafep.com\/producto\/sellacryl-pigmented-penetrating-acrylic-fixative-atmh\/"},"modified":"2025-08-18T19:04:42","modified_gmt":"2025-08-18T17:04:42","slug":"sellacryl-pigmented-penetrating-acrylic-fixative-atmh","status":"publish","type":"product","link":"https:\/\/jafep.com\/fr\/producto\/sellacryl-pigmented-penetrating-acrylic-fixative-atmh\/","title":{"rendered":"Sellacryl Pigmented Penetrating Acrylic Fixative ATMH"},"content":{"rendered":"<p>Scellant pigment\u00e9 blanc pour murs, briques, peintures, etc. Produit 100% acrylique. Appliqu\u00e9 sur le b\u00e9ton, il emp\u00eache l&#8217;entr\u00e9e de CO2 et donc le processus de carbonatation. Comme il est pigment\u00e9, il am\u00e9liore la couverture des couches successives de peinture, ce qui permet d&#8217;\u00e9conomiser du temps et du mat\u00e9riel.     <\/p>\n","protected":false},"excerpt":{"rendered":"<p>Mastic acrylique pigment\u00e9  <\/p>\n","protected":false},"featured_media":83082,"comment_status":"closed","ping_status":"closed","template":"","meta":{"_acf_changed":false,"_links_to":"","_links_to_target":""},"product_brand":[],"product_cat":[1585,468,1312],"product_tag":[],"class_list":{"0":"post-86425","1":"product","2":"type-product","3":"status-publish","4":"has-post-thumbnail","6":"product_cat-avant-de-peindre-fr-4","7":"product_cat-gamme-en-phase-aqueuse","8":"product_cat-ligne-anti-humidite","9":"pa_formatos-15l-fr","10":"pa_formatos-4l-fr","11":"pa_herramientas-airless-fr","12":"pa_herramientas-brocha-fr","13":"pa_herramientas-pistola-fr","14":"pa_herramientas-rodillo-fr-2","15":"pa_iconos-1-base-agua-fr","16":"pa_iconos-38-rendimiento-de-10-15-m2l-fr","17":"pa_iconos-41-brocha-rodillo-pistola-fr","18":"pa_iconos-45-exterior-interior-fr","19":"pa_iconos-listo-al-uso-fr","21":"first","22":"instock","23":"shipping-taxable","24":"product-type-simple"},"acf":[],"_links":{"self":[{"href":"https:\/\/jafep.com\/fr\/wp-json\/wp\/v2\/product\/86425","targetHints":{"allow":["GET"]}}],"collection":[{"href":"https:\/\/jafep.com\/fr\/wp-json\/wp\/v2\/product"}],"about":[{"href":"https:\/\/jafep.com\/fr\/wp-json\/wp\/v2\/types\/product"}],"replies":[{"embeddable":true,"href":"https:\/\/jafep.com\/fr\/wp-json\/wp\/v2\/comments?post=86425"}],"wp:featuredmedia":[{"embeddable":true,"href":"https:\/\/jafep.com\/fr\/wp-json\/wp\/v2\/media\/83082"}],"wp:attachment":[{"href":"https:\/\/jafep.com\/fr\/wp-json\/wp\/v2\/media?parent=86425"}],"wp:term":[{"taxonomy":"product_brand","embeddable":true,"href":"https:\/\/jafep.com\/fr\/wp-json\/wp\/v2\/product_brand?post=86425"},{"taxonomy":"product_cat","embeddable":true,"href":"https:\/\/jafep.com\/fr\/wp-json\/wp\/v2\/product_cat?post=86425"},{"taxonomy":"product_tag","embeddable":true,"href":"https:\/\/jafep.com\/fr\/wp-json\/wp\/v2\/product_tag?post=86425"}],"curies":[{"name":"wp","href":"https:\/\/api.w.org\/{rel}","templated":true}]}}