{"id":86424,"date":"2024-02-05T11:12:50","date_gmt":"2024-02-05T11:12:50","guid":{"rendered":"https:\/\/jafep.com\/producto\/p-p-satin-jst-705-s-atmh\/"},"modified":"2025-08-18T19:04:42","modified_gmt":"2025-08-18T17:04:42","slug":"p-p-satin-jst-705-s-atmh","status":"publish","type":"product","link":"https:\/\/jafep.com\/fr\/producto\/p-p-satin-jst-705-s-atmh\/","title":{"rendered":"P.P. Satin jST 705-S Atmh"},"content":{"rendered":"<p>Peinture plastique \u00e0 base d&#8217;eau avec une finition satin\u00e9e qui a un haut pouvoir couvrant, une grande blancheur et de bonnes performances. Il s&#8217;agit d&#8217;un produit destin\u00e9 \u00e0 \u00eatre appliqu\u00e9 \u00e0 l&#8217;int\u00e9rieur lorsque des finitions de haute qualit\u00e9 sont requises. Elle est tr\u00e8s lavable et ne provoque que peu d&#8217;\u00e9claboussures. Avec conservateur anti-moisissure.   <\/p>\n","protected":false},"excerpt":{"rendered":"<p>Peinture plastique \u00e0 base d&#8217;eau avec une finition satin\u00e9e qui a un haut pouvoir couvrant, une grande blancheur et de bonnes performances. Il s&#8217;agit d&#8217;un produit destin\u00e9 \u00e0 \u00eatre appliqu\u00e9 \u00e0 l&#8217;int\u00e9rieur lorsque des finitions de haute qualit\u00e9 sont requises. Elle est tr\u00e8s lavable et ne provoque que peu d&#8217;\u00e9claboussures. Avec conservateur anti-moisissure.<\/p>\n","protected":false},"featured_media":83770,"comment_status":"closed","ping_status":"closed","template":"","meta":{"_acf_changed":false,"_links_to":"","_links_to_target":""},"product_brand":[],"product_cat":[1549,775,1547,750,514],"product_tag":[],"class_list":{"0":"post-86424","1":"product","2":"type-product","3":"status-publish","4":"has-post-thumbnail","6":"product_cat-decorer-peindre","7":"product_cat-en-satinado-fr","8":"product_cat-interieurs","9":"product_cat-pinturas-plasticas-fr-2","10":"product_cat-satinees","11":"pa_formatos-15-l-fr","12":"pa_formatos-750ml-fr","13":"pa_herramientas-airless-fr","14":"pa_herramientas-brocha-fr","15":"pa_herramientas-pistola-fr","16":"pa_herramientas-rodillo-fr-2","17":"pa_iconos-1-base-agua-fr","18":"pa_iconos-41-brocha-rodillo-pistola-fr","19":"pa_iconos-45-exterior-interior-fr","20":"pa_iconos-61-lavabilidad-nivel-2-fr","21":"pa_iconos-rendimiento-7-10-m2l-fr","22":"pa_iconos-satinado-fr","24":"first","25":"instock","26":"shipping-taxable","27":"product-type-simple"},"acf":[],"_links":{"self":[{"href":"https:\/\/jafep.com\/fr\/wp-json\/wp\/v2\/product\/86424","targetHints":{"allow":["GET"]}}],"collection":[{"href":"https:\/\/jafep.com\/fr\/wp-json\/wp\/v2\/product"}],"about":[{"href":"https:\/\/jafep.com\/fr\/wp-json\/wp\/v2\/types\/product"}],"replies":[{"embeddable":true,"href":"https:\/\/jafep.com\/fr\/wp-json\/wp\/v2\/comments?post=86424"}],"wp:featuredmedia":[{"embeddable":true,"href":"https:\/\/jafep.com\/fr\/wp-json\/wp\/v2\/media\/83770"}],"wp:attachment":[{"href":"https:\/\/jafep.com\/fr\/wp-json\/wp\/v2\/media?parent=86424"}],"wp:term":[{"taxonomy":"product_brand","embeddable":true,"href":"https:\/\/jafep.com\/fr\/wp-json\/wp\/v2\/product_brand?post=86424"},{"taxonomy":"product_cat","embeddable":true,"href":"https:\/\/jafep.com\/fr\/wp-json\/wp\/v2\/product_cat?post=86424"},{"taxonomy":"product_tag","embeddable":true,"href":"https:\/\/jafep.com\/fr\/wp-json\/wp\/v2\/product_tag?post=86424"}],"curies":[{"name":"wp","href":"https:\/\/api.w.org\/{rel}","templated":true}]}}