{"id":86423,"date":"2025-07-06T16:44:35","date_gmt":"2025-07-06T14:44:35","guid":{"rendered":"https:\/\/jafep.com\/producto\/peinture-a-la-chaux\/"},"modified":"2025-08-18T18:57:33","modified_gmt":"2025-08-18T16:57:33","slug":"peinture-a-la-chaux","status":"publish","type":"product","link":"https:\/\/jafep.com\/fr\/producto\/peinture-a-la-chaux\/","title":{"rendered":"Peinture \u00e0 la chaux"},"content":{"rendered":"<p class=\"MsoNormal\">Peinture 100% chaux \u00e0 l&#8217;aspect min\u00e9ral formul\u00e9e \u00e0 base de chaux a\u00e9rienne pure s\u00e9lectionn\u00e9e CL 90-S. Elle pr\u00e9sente une finition mate profonde, une grande respirabilit\u00e9, \u00e9vite la condensation et est respectueuse de l&#8217;environnement. Elle est recommand\u00e9e pour la d\u00e9coration de supports civils et historiques ainsi que pour l&#8217;int\u00e9rieur des habitations o\u00f9 ces caract\u00e9ristiques sont recherch\u00e9es, tout en offrant une protection naturelle contre la prolif\u00e9ration des moisissures et des micro-organismes. Son effet hygroscopique aide \u00e0 r\u00e9guler l&#8217;humidit\u00e9 int\u00e9rieure, en absorbant l&#8217;exc\u00e8s d&#8217;humidit\u00e9 et en la lib\u00e9rant lorsque l&#8217;environnement est sec.   <\/p>\n","protected":false},"excerpt":{"rendered":"<p>Peinture 100% chaux \u00e0 l&#8217;aspect min\u00e9ral formul\u00e9e \u00e0 base de chaux a\u00e9rienne pure s\u00e9lectionn\u00e9e CL 90-S. Elle pr\u00e9sente une finition mate profonde, une grande respirabilit\u00e9, \u00e9vite la condensation et est respectueuse de l&#8217;environnement. Elle est recommand\u00e9e pour la d\u00e9coration de supports civils et historiques ainsi que pour l&#8217;int\u00e9rieur des habitations o\u00f9 ces caract\u00e9ristiques sont recherch\u00e9es,&#8230;<\/p>\n","protected":false},"featured_media":86010,"comment_status":"closed","ping_status":"closed","template":"","meta":{"_acf_changed":false,"_links_to":"","_links_to_target":""},"product_brand":[],"product_cat":[750,294],"product_tag":[],"class_list":{"0":"post-86423","1":"product","2":"type-product","3":"status-publish","4":"has-post-thumbnail","6":"product_cat-pinturas-plasticas-fr-2","7":"product_cat-usos-especiales-fr","8":"pa_iconos-1-base-agua-fr","9":"pa_iconos-41-brocha-rodillo-pistola-fr","10":"pa_iconos-mate-profundo-fr","11":"pa_iconos-rendimiento-7-9-m2l-fr","13":"first","14":"instock","15":"shipping-taxable","16":"product-type-simple"},"acf":[],"_links":{"self":[{"href":"https:\/\/jafep.com\/fr\/wp-json\/wp\/v2\/product\/86423","targetHints":{"allow":["GET"]}}],"collection":[{"href":"https:\/\/jafep.com\/fr\/wp-json\/wp\/v2\/product"}],"about":[{"href":"https:\/\/jafep.com\/fr\/wp-json\/wp\/v2\/types\/product"}],"replies":[{"embeddable":true,"href":"https:\/\/jafep.com\/fr\/wp-json\/wp\/v2\/comments?post=86423"}],"wp:featuredmedia":[{"embeddable":true,"href":"https:\/\/jafep.com\/fr\/wp-json\/wp\/v2\/media\/86010"}],"wp:attachment":[{"href":"https:\/\/jafep.com\/fr\/wp-json\/wp\/v2\/media?parent=86423"}],"wp:term":[{"taxonomy":"product_brand","embeddable":true,"href":"https:\/\/jafep.com\/fr\/wp-json\/wp\/v2\/product_brand?post=86423"},{"taxonomy":"product_cat","embeddable":true,"href":"https:\/\/jafep.com\/fr\/wp-json\/wp\/v2\/product_cat?post=86423"},{"taxonomy":"product_tag","embeddable":true,"href":"https:\/\/jafep.com\/fr\/wp-json\/wp\/v2\/product_tag?post=86423"}],"curies":[{"name":"wp","href":"https:\/\/api.w.org\/{rel}","templated":true}]}}