{"id":86422,"date":"2025-07-11T13:26:37","date_gmt":"2025-07-11T11:26:37","guid":{"rendered":"https:\/\/jafep.com\/producto\/hydrofuge-a-base-deau\/"},"modified":"2025-08-18T18:57:20","modified_gmt":"2025-08-18T16:57:20","slug":"hydrofuge-a-base-deau","status":"publish","type":"product","link":"https:\/\/jafep.com\/fr\/producto\/hydrofuge-a-base-deau\/","title":{"rendered":"Hydrofuge \u00e0 base d&#8217;eau"},"content":{"rendered":"<p>Traitement hydrophobe invisible con\u00e7u pour offrir une protection durable contre la p\u00e9n\u00e9tration de l&#8217;eau et de l&#8217;humidit\u00e9. Sa formulation \u00e0 base de silanes et siloxanes modifi\u00e9s prot\u00e8ge les surfaces trait\u00e9es en agissant comme une impr\u00e9gnation \u00e0 fort effet hydrofuge qui repousse l&#8217;eau, emp\u00eache la p\u00e9n\u00e9tration de l&#8217;eau de pluie et permet la respiration de la vapeur d&#8217;eau, imperm\u00e9abilisant les fa\u00e7ades tout en conservant leur aspect naturel. <\/p>\n","protected":false},"excerpt":{"rendered":"<p>Traitement hydrophobe invisible con\u00e7u pour offrir une protection durable contre la p\u00e9n\u00e9tration de l&#8217;eau et de l&#8217;humidit\u00e9. Sa formulation \u00e0 base de silanes et siloxanes modifi\u00e9s prot\u00e8ge les surfaces trait\u00e9es en agissant comme une impr\u00e9gnation \u00e0 fort effet hydrofuge qui repousse l&#8217;eau, emp\u00eache la p\u00e9n\u00e9tration de l&#8217;eau de pluie et permet la respiration de la&#8230;<\/p>\n","protected":false},"featured_media":86378,"comment_status":"open","ping_status":"closed","template":"","meta":{"_acf_changed":false,"_links_to":"","_links_to_target":""},"product_brand":[],"product_cat":[536,1359],"product_tag":[],"class_list":{"0":"post-86422","1":"product","2":"type-product","3":"status-publish","4":"has-post-thumbnail","6":"product_cat-complements","7":"product_cat-preparation-et-sous-couches","8":"pa_formatos-5l-fr","9":"pa_iconos-1-base-agua-fr","11":"first","12":"instock","13":"shipping-taxable","14":"product-type-simple"},"acf":[],"_links":{"self":[{"href":"https:\/\/jafep.com\/fr\/wp-json\/wp\/v2\/product\/86422","targetHints":{"allow":["GET"]}}],"collection":[{"href":"https:\/\/jafep.com\/fr\/wp-json\/wp\/v2\/product"}],"about":[{"href":"https:\/\/jafep.com\/fr\/wp-json\/wp\/v2\/types\/product"}],"replies":[{"embeddable":true,"href":"https:\/\/jafep.com\/fr\/wp-json\/wp\/v2\/comments?post=86422"}],"wp:featuredmedia":[{"embeddable":true,"href":"https:\/\/jafep.com\/fr\/wp-json\/wp\/v2\/media\/86378"}],"wp:attachment":[{"href":"https:\/\/jafep.com\/fr\/wp-json\/wp\/v2\/media?parent=86422"}],"wp:term":[{"taxonomy":"product_brand","embeddable":true,"href":"https:\/\/jafep.com\/fr\/wp-json\/wp\/v2\/product_brand?post=86422"},{"taxonomy":"product_cat","embeddable":true,"href":"https:\/\/jafep.com\/fr\/wp-json\/wp\/v2\/product_cat?post=86422"},{"taxonomy":"product_tag","embeddable":true,"href":"https:\/\/jafep.com\/fr\/wp-json\/wp\/v2\/product_tag?post=86422"}],"curies":[{"name":"wp","href":"https:\/\/api.w.org\/{rel}","templated":true}]}}