{"id":86417,"date":"2025-08-04T07:33:51","date_gmt":"2025-08-04T05:33:51","guid":{"rendered":"https:\/\/jafep.com\/producto\/gel-dissolvant-dadhesif\/"},"modified":"2025-08-18T18:57:16","modified_gmt":"2025-08-18T16:57:16","slug":"gel-dissolvant-dadhesif","status":"publish","type":"product","link":"https:\/\/jafep.com\/fr\/producto\/gel-dissolvant-dadhesif\/","title":{"rendered":"Gel dissolvant d&#8217;adh\u00e9sif"},"content":{"rendered":"<p>Gel d\u00e9capant tr\u00e8s efficace pour l&#8217;\u00e9limination des adh\u00e9sifs, des silicones, des encres et des peintures. Il agit rapidement, est facile \u00e0 appliquer et ne coule pas en raison de sa nature g\u00e9lifi\u00e9e. <\/p>\n","protected":false},"excerpt":{"rendered":"<p>Gel d\u00e9capant tr\u00e8s efficace pour l&#8217;\u00e9limination des adh\u00e9sifs, des silicones, des encres et des peintures. Il agit rapidement, est facile \u00e0 appliquer et ne coule pas en raison de sa nature g\u00e9lifi\u00e9e.<\/p>\n","protected":false},"featured_media":86374,"comment_status":"open","ping_status":"closed","template":"","meta":{"_acf_changed":false,"_links_to":"","_links_to_target":""},"product_brand":[],"product_cat":[1585,1303,1553,1499,1502],"product_tag":[],"class_list":{"0":"post-86417","1":"product","2":"type-product","3":"status-publish","4":"has-post-thumbnail","6":"product_cat-avant-de-peindre-fr-4","7":"product_cat-complements-fr","8":"product_cat-enlever-le-gotele-ou-la-peinture","9":"product_cat-reparer-resoudre-les-problemes","10":"product_cat-taches","11":"pa_formatos-1l-fr","12":"pa_formatos-5l-fr","13":"pa_herramientas-brocha-fr","14":"pa_iconos-rendimiento-4-7-m2-l-fr","16":"first","17":"instock","18":"shipping-taxable","19":"product-type-simple"},"acf":[],"_links":{"self":[{"href":"https:\/\/jafep.com\/fr\/wp-json\/wp\/v2\/product\/86417","targetHints":{"allow":["GET"]}}],"collection":[{"href":"https:\/\/jafep.com\/fr\/wp-json\/wp\/v2\/product"}],"about":[{"href":"https:\/\/jafep.com\/fr\/wp-json\/wp\/v2\/types\/product"}],"replies":[{"embeddable":true,"href":"https:\/\/jafep.com\/fr\/wp-json\/wp\/v2\/comments?post=86417"}],"wp:featuredmedia":[{"embeddable":true,"href":"https:\/\/jafep.com\/fr\/wp-json\/wp\/v2\/media\/86374"}],"wp:attachment":[{"href":"https:\/\/jafep.com\/fr\/wp-json\/wp\/v2\/media?parent=86417"}],"wp:term":[{"taxonomy":"product_brand","embeddable":true,"href":"https:\/\/jafep.com\/fr\/wp-json\/wp\/v2\/product_brand?post=86417"},{"taxonomy":"product_cat","embeddable":true,"href":"https:\/\/jafep.com\/fr\/wp-json\/wp\/v2\/product_cat?post=86417"},{"taxonomy":"product_tag","embeddable":true,"href":"https:\/\/jafep.com\/fr\/wp-json\/wp\/v2\/product_tag?post=86417"}],"curies":[{"name":"wp","href":"https:\/\/api.w.org\/{rel}","templated":true}]}}