{"id":86331,"date":"2016-02-02T12:52:55","date_gmt":"2016-02-26T08:12:45","guid":{"rendered":"https:\/\/jafep.com\/producto\/vernis-polyurethane-aqua\/"},"modified":"2025-08-06T13:04:04","modified_gmt":"2025-08-06T11:04:04","slug":"vernis-polyurethane-aqua","status":"publish","type":"product","link":"https:\/\/jafep.com\/fr\/producto\/vernis-polyurethane-aqua\/","title":{"rendered":"Vernis polyur\u00e9thane Aqua"},"content":{"rendered":"<p>Vernis polyur\u00e9thane \u00e0 base d&#8217;eau sp\u00e9cialement formul\u00e9 contre l&#8217;abrasion, avec une duret\u00e9 et une r\u00e9sistance \u00e9lev\u00e9es aux rayures et aux impacts, id\u00e9al pour prot\u00e9ger les sols en bois, les sols en li\u00e8ge, les marches d&#8217;escalier, etc. Il pr\u00e9sente \u00e9galement une grande r\u00e9sistance au lavage et une excellente r\u00e9sistance aux produits m\u00e9nagers tels que le caf\u00e9, le vin, l&#8217;huile d&#8217;olive&#8230;   <\/p>\n<p>&nbsp;<\/p>\n","protected":false},"excerpt":{"rendered":"<p>Vernis polyur\u00e9thane \u00e0 base d&#8217;eauPeinture polyur\u00e9thane \u00e0 base d&#8217;eau<\/p>\n","protected":false},"featured_media":82386,"comment_status":"closed","ping_status":"closed","template":"","meta":{"_acf_changed":false,"_links_to":"","_links_to_target":""},"product_brand":[],"product_cat":[551,853,839,1508,1397,1506,1361],"product_tag":[],"class_list":{"0":"post-86331","1":"product","2":"type-product","3":"status-publish","4":"has-post-thumbnail","6":"product_cat-bases-systeme-multicouleur","7":"product_cat-madera-fr","8":"product_cat-productos-para-la-madera-fr-2","9":"product_cat-proteger-fr","10":"product_cat-sisteme-a-teinter","11":"product_cat-vernir","12":"product_cat-vernis","13":"pa_formatos-4l-fr","14":"pa_formatos-750ml-fr","15":"pa_herramientas-airless-fr","16":"pa_herramientas-brocha-fr","17":"pa_herramientas-brocha-esmalte-barniz-acrilico-microfibra-fr","18":"pa_herramientas-pistola-fr","19":"pa_herramientas-rodillo-esmalte-barniz-acrilico-microfibra-8-mm-fr","20":"pa_iconos-1-base-agua-fr","21":"pa_iconos-46-interior-fr","22":"pa_iconos-basetr-fr","23":"pa_iconos-brillant","24":"pa_iconos-cartes-de-credit","25":"pa_iconos-producto-al-agua-fr","26":"pa_iconos-rendement-12-14-m2-l","28":"first","29":"instock","30":"shipping-taxable","31":"product-type-simple"},"acf":[],"_links":{"self":[{"href":"https:\/\/jafep.com\/fr\/wp-json\/wp\/v2\/product\/86331","targetHints":{"allow":["GET"]}}],"collection":[{"href":"https:\/\/jafep.com\/fr\/wp-json\/wp\/v2\/product"}],"about":[{"href":"https:\/\/jafep.com\/fr\/wp-json\/wp\/v2\/types\/product"}],"replies":[{"embeddable":true,"href":"https:\/\/jafep.com\/fr\/wp-json\/wp\/v2\/comments?post=86331"}],"wp:featuredmedia":[{"embeddable":true,"href":"https:\/\/jafep.com\/fr\/wp-json\/wp\/v2\/media\/82386"}],"wp:attachment":[{"href":"https:\/\/jafep.com\/fr\/wp-json\/wp\/v2\/media?parent=86331"}],"wp:term":[{"taxonomy":"product_brand","embeddable":true,"href":"https:\/\/jafep.com\/fr\/wp-json\/wp\/v2\/product_brand?post=86331"},{"taxonomy":"product_cat","embeddable":true,"href":"https:\/\/jafep.com\/fr\/wp-json\/wp\/v2\/product_cat?post=86331"},{"taxonomy":"product_tag","embeddable":true,"href":"https:\/\/jafep.com\/fr\/wp-json\/wp\/v2\/product_tag?post=86331"}],"curies":[{"name":"wp","href":"https:\/\/api.w.org\/{rel}","templated":true}]}}