{"id":8469,"date":"2018-09-25T08:42:16","date_gmt":"2018-09-25T08:42:16","guid":{"rendered":"https:\/\/jafep.com\/?post_type=product&#038;p=8469"},"modified":"2025-11-05T19:37:55","modified_gmt":"2025-11-05T18:37:55","slug":"mate-extra-supercubriente-conservante-antimoho","status":"publish","type":"product","link":"https:\/\/jafep.com\/fr\/producto\/mate-extra-supercubriente-conservante-antimoho\/","title":{"rendered":"Mate Extra Supercubriente Con Conservante Antimoho"},"content":{"rendered":"<p>Pintura de gran calidad para interiores, y tambi\u00e9n adecuada para exteriores. Con un acabado muy blanco, de extrema cubrici\u00f3n, lavable y resistente. Buen rendimiento, acabado mate extra profundo y bajo salpicado. En su composici\u00f3n se incorporan aditivos protectores para la protecci\u00f3n de la pel\u00edcula.<\/p>\n","protected":false},"excerpt":{"rendered":"<p>Pintura pl\u00e1stica mate<\/p>\n","protected":false},"featured_media":83704,"comment_status":"closed","ping_status":"closed","template":"","meta":{"_acf_changed":false,"_links_to":"","_links_to_target":""},"product_brand":[],"product_cat":[1270,28],"product_tag":[],"class_list":{"0":"post-8469","1":"product","2":"type-product","3":"status-publish","4":"has-post-thumbnail","6":"product_cat-mate-extra","7":"product_cat-pinturas-plasticas","8":"pa_formatos-15-l","9":"pa_formatos-4-l","10":"pa_herramientas-airless","11":"pa_herramientas-brocha","12":"pa_herramientas-pistola","13":"pa_herramientas-rodillo","14":"pa_iconos-rendimiento-8-10-m2l","15":"pa_iconos-extra-mate-85o","16":"pa_iconos-base-agua","17":"pa_iconos-brocha-rodillo-pistola","18":"pa_iconos-conservante-antimoho-sitema-atmh","19":"pa_iconos-exterior-interior","20":"pa_iconos-extra-mate-profundo","21":"pa_iconos-lavabilidad-nivel-3","22":"pa_iconos-mate-profundo","23":"pa_iconos-mate5","25":"first","26":"instock","27":"shipping-taxable","28":"product-type-simple"},"acf":[],"_links":{"self":[{"href":"https:\/\/jafep.com\/fr\/wp-json\/wp\/v2\/product\/8469","targetHints":{"allow":["GET"]}}],"collection":[{"href":"https:\/\/jafep.com\/fr\/wp-json\/wp\/v2\/product"}],"about":[{"href":"https:\/\/jafep.com\/fr\/wp-json\/wp\/v2\/types\/product"}],"replies":[{"embeddable":true,"href":"https:\/\/jafep.com\/fr\/wp-json\/wp\/v2\/comments?post=8469"}],"wp:featuredmedia":[{"embeddable":true,"href":"https:\/\/jafep.com\/fr\/wp-json\/wp\/v2\/media\/83704"}],"wp:attachment":[{"href":"https:\/\/jafep.com\/fr\/wp-json\/wp\/v2\/media?parent=8469"}],"wp:term":[{"taxonomy":"product_brand","embeddable":true,"href":"https:\/\/jafep.com\/fr\/wp-json\/wp\/v2\/product_brand?post=8469"},{"taxonomy":"product_cat","embeddable":true,"href":"https:\/\/jafep.com\/fr\/wp-json\/wp\/v2\/product_cat?post=8469"},{"taxonomy":"product_tag","embeddable":true,"href":"https:\/\/jafep.com\/fr\/wp-json\/wp\/v2\/product_tag?post=8469"}],"curies":[{"name":"wp","href":"https:\/\/api.w.org\/{rel}","templated":true}]}}