{"id":8440,"date":"2018-09-14T13:59:14","date_gmt":"2018-09-14T13:59:14","guid":{"rendered":"https:\/\/jafep.com\/?post_type=product&#038;p=8440"},"modified":"2026-02-26T19:41:26","modified_gmt":"2026-02-26T18:41:26","slug":"imprimacion-epoxi-anticorrosiva-dos-componentes","status":"publish","type":"product","link":"https:\/\/jafep.com\/fr\/producto\/imprimacion-epoxi-anticorrosiva-dos-componentes\/","title":{"rendered":"Imprimaci\u00f3n Epoxi Anticorrosiva de dos componentes"},"content":{"rendered":"<p>Imprimaci\u00f3n epoxi anticorrosiva de dos componentes compuesta de resinas epoxi de alto peso molecular y poliamidas, as\u00ed como de un sistema pigmentario basado en pigmentos anticorrosivos y cargas de baja inercia qu\u00edmica. Destaca por sus caracter\u00edsticas mec\u00e1nicas y excelente resistencia a la corrosi\u00f3n y a la niebla salina, lo que nos permite poder aplicarla en sistema junto con el Esmalte de Poliuretano de dos componentes en ambientes de alta exposici\u00f3n industrial. Gran adherencia sobre multitud de superficies como acero galvanizado, aluminio y otras aleaciones ligeras.<\/p>\n","protected":false},"excerpt":{"rendered":"<p>Imprimaci\u00f3n epoxi anticorrosiva de dos componentes compuesta de resinas epoxi de alto peso molecular y poliamidas, as\u00ed como de un sistema pigmentario basado en pigmentos anticorrosivos y cargas de baja inercia qu\u00edmica. Destaca por sus caracter\u00edsticas mec\u00e1nicas y excelente resistencia a la corrosi\u00f3n y a la niebla salina, lo que nos permite poder aplicarla en&#8230;<\/p>\n","protected":false},"featured_media":82892,"comment_status":"closed","ping_status":"closed","template":"","meta":{"_acf_changed":false,"_links_to":"","_links_to_target":""},"product_brand":[],"product_cat":[27,39,99,176,178],"product_tag":[],"class_list":{"0":"post-8440","1":"product","2":"type-product","3":"status-publish","4":"has-post-thumbnail","6":"product_cat-esmaltes-imprimaciones-y-selladoras","7":"product_cat-imprimaciones","8":"product_cat-metal","9":"product_cat-pintar-cambiar-el-color","10":"product_cat-proteger-metal","11":"pa_formatos-1-kg-0-80-2-kg-4-kg-3-2-0-8-kg","12":"pa_formatos-15-kg-12-3-kg","13":"pa_herramientas-airless","14":"pa_herramientas-brocha","15":"pa_herramientas-pistola","16":"pa_herramientas-rodillo","17":"pa_iconos-a-b","18":"pa_iconos-base-solvente","19":"pa_iconos-d0","20":"pa_iconos-exterior-interior","21":"pa_iconos-reaccion-al-fuego-a2-s1","22":"pa_iconos-rendimiento-7-9-m2l","23":"pa_iconos-satinado","25":"first","26":"instock","27":"shipping-taxable","28":"product-type-simple"},"acf":[],"_links":{"self":[{"href":"https:\/\/jafep.com\/fr\/wp-json\/wp\/v2\/product\/8440","targetHints":{"allow":["GET"]}}],"collection":[{"href":"https:\/\/jafep.com\/fr\/wp-json\/wp\/v2\/product"}],"about":[{"href":"https:\/\/jafep.com\/fr\/wp-json\/wp\/v2\/types\/product"}],"replies":[{"embeddable":true,"href":"https:\/\/jafep.com\/fr\/wp-json\/wp\/v2\/comments?post=8440"}],"wp:featuredmedia":[{"embeddable":true,"href":"https:\/\/jafep.com\/fr\/wp-json\/wp\/v2\/media\/82892"}],"wp:attachment":[{"href":"https:\/\/jafep.com\/fr\/wp-json\/wp\/v2\/media?parent=8440"}],"wp:term":[{"taxonomy":"product_brand","embeddable":true,"href":"https:\/\/jafep.com\/fr\/wp-json\/wp\/v2\/product_brand?post=8440"},{"taxonomy":"product_cat","embeddable":true,"href":"https:\/\/jafep.com\/fr\/wp-json\/wp\/v2\/product_cat?post=8440"},{"taxonomy":"product_tag","embeddable":true,"href":"https:\/\/jafep.com\/fr\/wp-json\/wp\/v2\/product_tag?post=8440"}],"curies":[{"name":"wp","href":"https:\/\/api.w.org\/{rel}","templated":true}]}}