{"id":8437,"date":"2018-09-27T07:06:27","date_gmt":"2018-09-27T07:06:27","guid":{"rendered":"https:\/\/jafep.com\/?post_type=product&#038;p=8437"},"modified":"2026-02-20T18:59:57","modified_gmt":"2026-02-20T17:59:57","slug":"esmalte-poliuretano-dos-componentes-kit","status":"publish","type":"product","link":"https:\/\/jafep.com\/fr\/producto\/esmalte-poliuretano-dos-componentes-kit\/","title":{"rendered":"Esmalte de Poliuretano de dos componentes (Kit)"},"content":{"rendered":"<p>Esmalte de poliuretano es un producto de acabado compuesto de resinas acr\u00edlicas hidroxiladas y un isocianato alif\u00e1tico cuyo resultado es una pel\u00edcula lisa, continua, brillante y resistente a los productos qu\u00edmicos habituales. Destaca por su muy elevada retenci\u00f3n de brillo y color y presenta excelentes resistencias mec\u00e1nicas. Destaca tambi\u00e9n por su elevada resistencia a la corrosi\u00f3n aplicado en sistema de forma conjunta con la Imprimaci\u00f3n Epoxi Anticorrosiva de Jafep, lo que nos permite poder aplicar dicho sistema en ambientes de alta exposici\u00f3n industrial.<\/p>\n","protected":false},"excerpt":{"rendered":"<p>Esmalte de poliuretano es un producto de acabado compuesto de resinas acr\u00edlicas hidroxiladas y un isocianato alif\u00e1tico cuyo resultado es una pel\u00edcula lisa, continua, brillante y resistente a los productos qu\u00edmicos habituales. Destaca por su muy elevada retenci\u00f3n de brillo y color y presenta excelentes resistencias mec\u00e1nicas. Destaca tambi\u00e9n por su elevada resistencia a la&#8230;<\/p>\n","protected":false},"featured_media":82887,"comment_status":"closed","ping_status":"closed","template":"","meta":{"_acf_changed":false,"_links_to":"","_links_to_target":""},"product_brand":[],"product_cat":[79,41,27,99,176,178,37],"product_tag":[],"class_list":{"0":"post-8437","1":"product","2":"type-product","3":"status-publish","4":"has-post-thumbnail","6":"product_cat-bases-sistema-industrial-dual","7":"product_cat-esmaltes-especiales","8":"product_cat-esmaltes-imprimaciones-y-selladoras","9":"product_cat-metal","10":"product_cat-pintar-cambiar-el-color","11":"product_cat-proteger-metal","12":"product_cat-sistemas-tintometricos","13":"pa_formatos-1-kg-0-833-0-166-kg","14":"pa_formatos-15-kg-12-5-2-5-kg","15":"pa_formatos-4-kg-3-3-0-7-kg-2","16":"pa_herramientas-airless","17":"pa_herramientas-brocha","18":"pa_herramientas-pistola","19":"pa_herramientas-rodillo","20":"pa_iconos-a-b","21":"pa_iconos-base-solvente","22":"pa_iconos-brillante-satinado-mate","23":"pa_iconos-exterior-interior","24":"pa_iconos-rendimiento-10-12-m2l","25":"pa_iconos-rendimiento-de-10-12-m2l","26":"pa_iconos-uso-prof-titulado","28":"first","29":"instock","30":"shipping-taxable","31":"product-type-simple"},"acf":[],"_links":{"self":[{"href":"https:\/\/jafep.com\/fr\/wp-json\/wp\/v2\/product\/8437","targetHints":{"allow":["GET"]}}],"collection":[{"href":"https:\/\/jafep.com\/fr\/wp-json\/wp\/v2\/product"}],"about":[{"href":"https:\/\/jafep.com\/fr\/wp-json\/wp\/v2\/types\/product"}],"replies":[{"embeddable":true,"href":"https:\/\/jafep.com\/fr\/wp-json\/wp\/v2\/comments?post=8437"}],"wp:featuredmedia":[{"embeddable":true,"href":"https:\/\/jafep.com\/fr\/wp-json\/wp\/v2\/media\/82887"}],"wp:attachment":[{"href":"https:\/\/jafep.com\/fr\/wp-json\/wp\/v2\/media?parent=8437"}],"wp:term":[{"taxonomy":"product_brand","embeddable":true,"href":"https:\/\/jafep.com\/fr\/wp-json\/wp\/v2\/product_brand?post=8437"},{"taxonomy":"product_cat","embeddable":true,"href":"https:\/\/jafep.com\/fr\/wp-json\/wp\/v2\/product_cat?post=8437"},{"taxonomy":"product_tag","embeddable":true,"href":"https:\/\/jafep.com\/fr\/wp-json\/wp\/v2\/product_tag?post=8437"}],"curies":[{"name":"wp","href":"https:\/\/api.w.org\/{rel}","templated":true}]}}