{"id":8419,"date":"2018-08-27T10:06:47","date_gmt":"2018-08-27T10:06:47","guid":{"rendered":"https:\/\/jafep.com\/?post_type=product&#038;p=8419"},"modified":"2025-11-10T11:41:55","modified_gmt":"2025-11-10T10:41:55","slug":"ox-esmalte-metalico-forja-liso","status":"publish","type":"product","link":"https:\/\/jafep.com\/fr\/producto\/ox-esmalte-metalico-forja-liso\/","title":{"rendered":"Ox Esmalte Met\u00e1lico Forja Liso"},"content":{"rendered":"<p>Esmalte antioxidante de secado r\u00e1pido y aplicaci\u00f3n directa sobre acero, formulado con pigmentos y cargas de baja inercia qu\u00edmica y aditivos anticorrosivos. Proporciona un acabado protector a la vez que decorativo a cualquier superficie de hierro. Se obtiene un acabado forja liso de f\u00e1cil limpieza.<\/p>\n","protected":false},"excerpt":{"rendered":"<p>Esmalte antioxidante de secado r\u00e1pido y aplicaci\u00f3n directa sobre acero, formulado con pigmentos y cargas de baja inercia qu\u00edmica y aditivos anticorrosivos. Proporciona un acabado protector a la vez que decorativo a cualquier superficie de hierro. Se obtiene un acabado forja liso de f\u00e1cil limpieza.<\/p>\n","protected":false},"featured_media":83639,"comment_status":"closed","ping_status":"closed","template":"","meta":{"_acf_changed":false,"_links_to":"","_links_to_target":""},"product_brand":[],"product_cat":[42,27,167,213,176,178],"product_tag":[],"class_list":{"0":"post-8419","1":"product","2":"type-product","3":"status-publish","4":"has-post-thumbnail","6":"product_cat-acabados-antioxidantes","7":"product_cat-esmaltes-imprimaciones-y-selladoras","8":"product_cat-mobiliario-de-jardin","9":"product_cat-oxido","10":"product_cat-pintar-cambiar-el-color","11":"product_cat-proteger-metal","12":"pa_formatos-4l","13":"pa_formatos-750ml","14":"pa_herramientas-airless","15":"pa_herramientas-brocha","16":"pa_herramientas-pistola","17":"pa_iconos-base-solvente","18":"pa_iconos-carta-colores","19":"pa_iconos-efecto-forja-liso","20":"pa_iconos-exterior-interior","21":"pa_iconos-lavabilidad-nivel-5","22":"pa_iconos-rendimiento-de-8-12-m2l","24":"first","25":"instock","26":"shipping-taxable","27":"product-type-simple"},"acf":[],"_links":{"self":[{"href":"https:\/\/jafep.com\/fr\/wp-json\/wp\/v2\/product\/8419","targetHints":{"allow":["GET"]}}],"collection":[{"href":"https:\/\/jafep.com\/fr\/wp-json\/wp\/v2\/product"}],"about":[{"href":"https:\/\/jafep.com\/fr\/wp-json\/wp\/v2\/types\/product"}],"replies":[{"embeddable":true,"href":"https:\/\/jafep.com\/fr\/wp-json\/wp\/v2\/comments?post=8419"}],"wp:featuredmedia":[{"embeddable":true,"href":"https:\/\/jafep.com\/fr\/wp-json\/wp\/v2\/media\/83639"}],"wp:attachment":[{"href":"https:\/\/jafep.com\/fr\/wp-json\/wp\/v2\/media?parent=8419"}],"wp:term":[{"taxonomy":"product_brand","embeddable":true,"href":"https:\/\/jafep.com\/fr\/wp-json\/wp\/v2\/product_brand?post=8419"},{"taxonomy":"product_cat","embeddable":true,"href":"https:\/\/jafep.com\/fr\/wp-json\/wp\/v2\/product_cat?post=8419"},{"taxonomy":"product_tag","embeddable":true,"href":"https:\/\/jafep.com\/fr\/wp-json\/wp\/v2\/product_tag?post=8419"}],"curies":[{"name":"wp","href":"https:\/\/api.w.org\/{rel}","templated":true}]}}