{"id":6693,"date":"2017-10-06T08:34:25","date_gmt":"2017-10-06T08:34:25","guid":{"rendered":"https:\/\/jafep.com\/?post_type=product&#038;p=6693"},"modified":"2025-06-16T16:41:37","modified_gmt":"2025-06-16T16:41:37","slug":"petrex-5-mortero-polisiloxano","status":"publish","type":"product","link":"https:\/\/jafep.com\/fr\/producto\/petrex-5-mortero-polisiloxano\/","title":{"rendered":"P\u00e9trex 5 Mortero al Polixilosano"},"content":{"rendered":"<p>Es un revestimiento p\u00e9treo tipo mortero de capa gruesa especial para fachadas, formulado con resina de silicona modificada y polisiloxanos que confiere propiedades hidrorepelentes, mejorando su impermeabilidad al agua l\u00edquida y su transpirabilidad. Es un producto de gran solidez a la luz, que proporciona acabados resistentes, el\u00e1sticos, impermeables y de alto poder de cubrici\u00f3n y relleno.<\/p>\n","protected":false},"excerpt":{"rendered":"<p>Mortero acr\u00edlico al polisiloxano<\/p>\n","protected":false},"featured_media":83763,"comment_status":"closed","ping_status":"closed","template":"","meta":{"_acf_changed":false,"_links_to":"","_links_to_target":""},"product_brand":[],"product_cat":[192,97,1277,235,201,836,200],"product_tag":[],"class_list":{"0":"post-6693","1":"product","2":"type-product","3":"status-publish","4":"has-post-thumbnail","6":"product_cat-aislar-termicamente","7":"product_cat-exteriores","8":"product_cat-morteros-acrilicos","9":"product_cat-fachadas","10":"product_cat-reparar-fachadas","11":"product_cat-revestimientos","12":"product_cat-sate","13":"pa_formatos-25kg-2","14":"pa_herramientas-airless","15":"pa_herramientas-llana","16":"pa_herramientas-pistola","17":"pa_iconos-1-m2-l","18":"pa_iconos-base-agua","19":"pa_iconos-ce-etag-004","20":"pa_iconos-conservante-antimoho-sitema-atmh","21":"pa_iconos-exterior","22":"pa_iconos-fratasado-mate","23":"pa_iconos-rendimiento-0-7-0-8-m2-l","25":"first","26":"instock","27":"shipping-taxable","28":"product-type-simple"},"acf":[],"_links":{"self":[{"href":"https:\/\/jafep.com\/fr\/wp-json\/wp\/v2\/product\/6693","targetHints":{"allow":["GET"]}}],"collection":[{"href":"https:\/\/jafep.com\/fr\/wp-json\/wp\/v2\/product"}],"about":[{"href":"https:\/\/jafep.com\/fr\/wp-json\/wp\/v2\/types\/product"}],"replies":[{"embeddable":true,"href":"https:\/\/jafep.com\/fr\/wp-json\/wp\/v2\/comments?post=6693"}],"wp:featuredmedia":[{"embeddable":true,"href":"https:\/\/jafep.com\/fr\/wp-json\/wp\/v2\/media\/83763"}],"wp:attachment":[{"href":"https:\/\/jafep.com\/fr\/wp-json\/wp\/v2\/media?parent=6693"}],"wp:term":[{"taxonomy":"product_brand","embeddable":true,"href":"https:\/\/jafep.com\/fr\/wp-json\/wp\/v2\/product_brand?post=6693"},{"taxonomy":"product_cat","embeddable":true,"href":"https:\/\/jafep.com\/fr\/wp-json\/wp\/v2\/product_cat?post=6693"},{"taxonomy":"product_tag","embeddable":true,"href":"https:\/\/jafep.com\/fr\/wp-json\/wp\/v2\/product_tag?post=6693"}],"curies":[{"name":"wp","href":"https:\/\/api.w.org\/{rel}","templated":true}]}}