{"id":6460,"date":"2017-07-19T14:43:50","date_gmt":"2017-07-19T14:43:50","guid":{"rendered":"https:\/\/jafep.com\/?post_type=product&#038;p=6460"},"modified":"2025-05-06T10:54:24","modified_gmt":"2025-05-06T10:54:24","slug":"utensilio-instalacion-edst-mw-taco-atornillado","status":"publish","type":"product","link":"https:\/\/jafep.com\/fr\/producto\/utensilio-instalacion-edst-mw-taco-atornillado\/","title":{"rendered":"Utensilio de instalaci\u00f3n EDST MW para taco atornillado"},"content":{"rendered":"<p>UTENSILIO DE INSTALACI\u00d3N EDST MW PARA TACO ATORNILLADO es un accesorio de embutido para la realizaci\u00f3n de la cavidad en el panel aislante \u00a0de lana de roca. Permite posicionar el taco de anclaje en el interior del panel. Se utiliza junto con TACO ATORNILLADO DE ACERO MW PARA FIJACI\u00d3N MEC\u00c1NICA.<\/p>\n","protected":false},"excerpt":{"rendered":"<p>\u00datil de instalaci\u00f3n para la realizaci\u00f3n de la cavidad en el panel aislante de lana de roca por embutido.<\/p>\n","protected":false},"featured_media":85182,"comment_status":"closed","ping_status":"closed","template":"","meta":{"_acf_changed":false,"_links_to":"","_links_to_target":""},"product_brand":[],"product_cat":[200,677],"product_tag":[],"class_list":{"0":"post-6460","1":"product","2":"type-product","3":"status-publish","4":"has-post-thumbnail","6":"product_cat-sate","7":"product_cat-sistema-de-aislamiento-termico-por-el-exterior-sate","9":"first","10":"instock","11":"shipping-taxable","12":"product-type-simple"},"acf":[],"_links":{"self":[{"href":"https:\/\/jafep.com\/fr\/wp-json\/wp\/v2\/product\/6460","targetHints":{"allow":["GET"]}}],"collection":[{"href":"https:\/\/jafep.com\/fr\/wp-json\/wp\/v2\/product"}],"about":[{"href":"https:\/\/jafep.com\/fr\/wp-json\/wp\/v2\/types\/product"}],"replies":[{"embeddable":true,"href":"https:\/\/jafep.com\/fr\/wp-json\/wp\/v2\/comments?post=6460"}],"wp:featuredmedia":[{"embeddable":true,"href":"https:\/\/jafep.com\/fr\/wp-json\/wp\/v2\/media\/85182"}],"wp:attachment":[{"href":"https:\/\/jafep.com\/fr\/wp-json\/wp\/v2\/media?parent=6460"}],"wp:term":[{"taxonomy":"product_brand","embeddable":true,"href":"https:\/\/jafep.com\/fr\/wp-json\/wp\/v2\/product_brand?post=6460"},{"taxonomy":"product_cat","embeddable":true,"href":"https:\/\/jafep.com\/fr\/wp-json\/wp\/v2\/product_cat?post=6460"},{"taxonomy":"product_tag","embeddable":true,"href":"https:\/\/jafep.com\/fr\/wp-json\/wp\/v2\/product_tag?post=6460"}],"curies":[{"name":"wp","href":"https:\/\/api.w.org\/{rel}","templated":true}]}}