{"id":6453,"date":"2017-07-19T14:40:07","date_gmt":"2017-07-19T14:40:07","guid":{"rendered":"https:\/\/jafep.com\/?post_type=product&#038;p=6453"},"modified":"2025-05-06T10:53:00","modified_gmt":"2025-05-06T10:53:00","slug":"utensilio-instalacion-edst-taco-atornillado","status":"publish","type":"product","link":"https:\/\/jafep.com\/fr\/producto\/utensilio-instalacion-edst-taco-atornillado\/","title":{"rendered":"Utensilio de instalaci\u00f3n EDST para taco atornillado"},"content":{"rendered":"<p>UTENSILIO DE INSTALACI\u00d3N EDST PARA TACO ATORNILLADO es un accesorio que permite la \u00a0realizaci\u00f3n de la cavidad en el panel aislante del panel de EPS. Permite posicionar el taco de anclaje en el interior del panel. Se utiliza junto con TACO ATORNILLADO DE ACERO ALL-IN-ONE PARA FIJACI\u00d3N MEC\u00c1NICA.<\/p>\n","protected":false},"excerpt":{"rendered":"<p>\u00datil de instalaci\u00f3n para la realizaci\u00f3n de la cavidad en el panel aislante de EPS por embutido.<\/p>\n","protected":false},"featured_media":85178,"comment_status":"closed","ping_status":"closed","template":"","meta":{"_acf_changed":false,"_links_to":"","_links_to_target":""},"product_brand":[],"product_cat":[200,677],"product_tag":[],"class_list":{"0":"post-6453","1":"product","2":"type-product","3":"status-publish","4":"has-post-thumbnail","6":"product_cat-sate","7":"product_cat-sistema-de-aislamiento-termico-por-el-exterior-sate","9":"first","10":"instock","11":"shipping-taxable","12":"product-type-simple"},"acf":[],"_links":{"self":[{"href":"https:\/\/jafep.com\/fr\/wp-json\/wp\/v2\/product\/6453","targetHints":{"allow":["GET"]}}],"collection":[{"href":"https:\/\/jafep.com\/fr\/wp-json\/wp\/v2\/product"}],"about":[{"href":"https:\/\/jafep.com\/fr\/wp-json\/wp\/v2\/types\/product"}],"replies":[{"embeddable":true,"href":"https:\/\/jafep.com\/fr\/wp-json\/wp\/v2\/comments?post=6453"}],"wp:featuredmedia":[{"embeddable":true,"href":"https:\/\/jafep.com\/fr\/wp-json\/wp\/v2\/media\/85178"}],"wp:attachment":[{"href":"https:\/\/jafep.com\/fr\/wp-json\/wp\/v2\/media?parent=6453"}],"wp:term":[{"taxonomy":"product_brand","embeddable":true,"href":"https:\/\/jafep.com\/fr\/wp-json\/wp\/v2\/product_brand?post=6453"},{"taxonomy":"product_cat","embeddable":true,"href":"https:\/\/jafep.com\/fr\/wp-json\/wp\/v2\/product_cat?post=6453"},{"taxonomy":"product_tag","embeddable":true,"href":"https:\/\/jafep.com\/fr\/wp-json\/wp\/v2\/product_tag?post=6453"}],"curies":[{"name":"wp","href":"https:\/\/api.w.org\/{rel}","templated":true}]}}