{"id":6406,"date":"2017-07-18T14:51:34","date_gmt":"2017-07-18T14:51:34","guid":{"rendered":"https:\/\/jafep.com\/?post_type=product&#038;p=6406"},"modified":"2025-05-06T11:06:27","modified_gmt":"2025-05-06T11:06:27","slug":"taco-plastico-reforzado-fijacion-mecanica","status":"publish","type":"product","link":"https:\/\/jafep.com\/fr\/producto\/taco-plastico-reforzado-fijacion-mecanica\/","title":{"rendered":"Taco de pl\u00e1stico reforzado para fijaci\u00f3n mec\u00e1nica"},"content":{"rendered":"<p>TACO DE PL\u00c1STICO REFORZADO DE FIJACI\u00d3N MEC\u00c1NICA, \u00a0es un taco de fijaci\u00f3n por golpeo de cabeza circular, con plato de polietileno de 60 mm y clavo de poliamida reforzado con fibra de vidrio \u00a0para taladros de \u00a010 mm (broca). Est\u00e1 indicado para la fijaci\u00f3n de placas de aislamiento de EPS\/XPS en sistemas SATE, y est\u00e1 fabricado en pl\u00e1stico para evitar condensaciones que puedan provocar manchas en el revestimiento. Existe una amplia gama de tama\u00f1os en funci\u00f3n del espesor de la placa aislante.<\/p>\n","protected":false},"excerpt":{"rendered":"<p>Taco de fijaci\u00f3n mec\u00e1nica con plato de 60 mm de polietileno y clavo de poliamida reforzado con fibra de vidrio, indicado para la fijaci\u00f3n de placas aislantes de EPS\/XPS.<\/p>\n","protected":false},"featured_media":85202,"comment_status":"closed","ping_status":"closed","template":"","meta":{"_acf_changed":false,"_links_to":"","_links_to_target":""},"product_brand":[],"product_cat":[200,677],"product_tag":[],"class_list":{"0":"post-6406","1":"product","2":"type-product","3":"status-publish","4":"has-post-thumbnail","6":"product_cat-sate","7":"product_cat-sistema-de-aislamiento-termico-por-el-exterior-sate","9":"first","10":"instock","11":"shipping-taxable","12":"product-type-simple"},"acf":[],"_links":{"self":[{"href":"https:\/\/jafep.com\/fr\/wp-json\/wp\/v2\/product\/6406","targetHints":{"allow":["GET"]}}],"collection":[{"href":"https:\/\/jafep.com\/fr\/wp-json\/wp\/v2\/product"}],"about":[{"href":"https:\/\/jafep.com\/fr\/wp-json\/wp\/v2\/types\/product"}],"replies":[{"embeddable":true,"href":"https:\/\/jafep.com\/fr\/wp-json\/wp\/v2\/comments?post=6406"}],"wp:featuredmedia":[{"embeddable":true,"href":"https:\/\/jafep.com\/fr\/wp-json\/wp\/v2\/media\/85202"}],"wp:attachment":[{"href":"https:\/\/jafep.com\/fr\/wp-json\/wp\/v2\/media?parent=6406"}],"wp:term":[{"taxonomy":"product_brand","embeddable":true,"href":"https:\/\/jafep.com\/fr\/wp-json\/wp\/v2\/product_brand?post=6406"},{"taxonomy":"product_cat","embeddable":true,"href":"https:\/\/jafep.com\/fr\/wp-json\/wp\/v2\/product_cat?post=6406"},{"taxonomy":"product_tag","embeddable":true,"href":"https:\/\/jafep.com\/fr\/wp-json\/wp\/v2\/product_tag?post=6406"}],"curies":[{"name":"wp","href":"https:\/\/api.w.org\/{rel}","templated":true}]}}