{"id":6279,"date":"2017-07-13T15:55:24","date_gmt":"2017-07-13T15:55:24","guid":{"rendered":"https:\/\/jafep.com\/?post_type=product&#038;p=6279"},"modified":"2025-05-06T11:36:39","modified_gmt":"2025-05-06T11:36:39","slug":"perfil-arranque-aluminio","status":"publish","type":"product","link":"https:\/\/jafep.com\/fr\/producto\/perfil-arranque-aluminio\/","title":{"rendered":"Perfil de Arranque de Aluminio"},"content":{"rendered":"<p>PERFIL DE ARRANQUE DE ALUMINIO es un perfil de aluminio de 0,7 mm de espesor que se coloca horizontalmente en el l\u00edmite inferior de la zona a revestir, anclado al soporte mediante tornillos, distanciadores y conectores. Incluye goter\u00f3n que garantiza el drenaje vertical del agua. Gama de espesores a elegir seg\u00fan el espesor de la placa aislante.<\/p>\n<p>&nbsp;<\/p>\n","protected":false},"excerpt":{"rendered":"<p>Perfil de arranque para el sistema SATE fabricado en aluminio de 0,7 mm de espesor.<\/p>\n","protected":false},"featured_media":85247,"comment_status":"closed","ping_status":"closed","template":"","meta":{"_acf_changed":false,"_links_to":"","_links_to_target":""},"product_brand":[],"product_cat":[200,677],"product_tag":[],"class_list":{"0":"post-6279","1":"product","2":"type-product","3":"status-publish","4":"has-post-thumbnail","6":"product_cat-sate","7":"product_cat-sistema-de-aislamiento-termico-por-el-exterior-sate","9":"first","10":"instock","11":"shipping-taxable","12":"product-type-simple"},"acf":[],"_links":{"self":[{"href":"https:\/\/jafep.com\/fr\/wp-json\/wp\/v2\/product\/6279","targetHints":{"allow":["GET"]}}],"collection":[{"href":"https:\/\/jafep.com\/fr\/wp-json\/wp\/v2\/product"}],"about":[{"href":"https:\/\/jafep.com\/fr\/wp-json\/wp\/v2\/types\/product"}],"replies":[{"embeddable":true,"href":"https:\/\/jafep.com\/fr\/wp-json\/wp\/v2\/comments?post=6279"}],"wp:featuredmedia":[{"embeddable":true,"href":"https:\/\/jafep.com\/fr\/wp-json\/wp\/v2\/media\/85247"}],"wp:attachment":[{"href":"https:\/\/jafep.com\/fr\/wp-json\/wp\/v2\/media?parent=6279"}],"wp:term":[{"taxonomy":"product_brand","embeddable":true,"href":"https:\/\/jafep.com\/fr\/wp-json\/wp\/v2\/product_brand?post=6279"},{"taxonomy":"product_cat","embeddable":true,"href":"https:\/\/jafep.com\/fr\/wp-json\/wp\/v2\/product_cat?post=6279"},{"taxonomy":"product_tag","embeddable":true,"href":"https:\/\/jafep.com\/fr\/wp-json\/wp\/v2\/product_tag?post=6279"}],"curies":[{"name":"wp","href":"https:\/\/api.w.org\/{rel}","templated":true}]}}