{"id":5908,"date":"2017-04-12T08:40:23","date_gmt":"2017-04-12T08:40:23","guid":{"rendered":"https:\/\/jafep.com\/?post_type=product&#038;p=5908"},"modified":"2025-04-02T07:25:26","modified_gmt":"2025-04-02T07:25:26","slug":"multiusos-al-disolvente","status":"publish","type":"product","link":"https:\/\/jafep.com\/fr\/producto\/multiusos-al-disolvente\/","title":{"rendered":"Multiusos al Disolvente"},"content":{"rendered":"<p>Imprimaci\u00f3n anticorrosiva de gran adherencia incluso sobre superficies dif\u00edciles. Tiene buena resistencia a la luz, a la intemperie y a la corrosi\u00f3n. <\/p>\n","protected":false},"excerpt":{"rendered":"<p>Imprimaci\u00f3n anticorrosiva de gran adherencia incluso sobre superficies dif\u00edciles. Tiene buena resistencia a la luz, a la intemperie y a la corrosi\u00f3n.<\/p>\n","protected":false},"featured_media":82862,"comment_status":"closed","ping_status":"closed","template":"","meta":{"_acf_changed":false,"_links_to":"","_links_to_target":""},"product_brand":[],"product_cat":[208,27,40],"product_tag":[],"class_list":{"0":"post-5908","1":"product","2":"type-product","3":"status-publish","4":"has-post-thumbnail","6":"product_cat-before-paint","7":"product_cat-esmaltes-imprimaciones-y-selladoras","8":"product_cat-selladoras","9":"pa_formatos-4l","10":"pa_formatos-750ml","11":"pa_herramientas-airless","12":"pa_herramientas-brocha","13":"pa_herramientas-pistola","14":"pa_herramientas-rodillo","15":"pa_iconos-base-solvente","16":"pa_iconos-exterior-interior","17":"pa_iconos-mate","18":"pa_iconos-rendimiento-8-12-m2l","20":"first","21":"instock","22":"shipping-taxable","23":"product-type-simple"},"acf":[],"_links":{"self":[{"href":"https:\/\/jafep.com\/fr\/wp-json\/wp\/v2\/product\/5908","targetHints":{"allow":["GET"]}}],"collection":[{"href":"https:\/\/jafep.com\/fr\/wp-json\/wp\/v2\/product"}],"about":[{"href":"https:\/\/jafep.com\/fr\/wp-json\/wp\/v2\/types\/product"}],"replies":[{"embeddable":true,"href":"https:\/\/jafep.com\/fr\/wp-json\/wp\/v2\/comments?post=5908"}],"wp:featuredmedia":[{"embeddable":true,"href":"https:\/\/jafep.com\/fr\/wp-json\/wp\/v2\/media\/82862"}],"wp:attachment":[{"href":"https:\/\/jafep.com\/fr\/wp-json\/wp\/v2\/media?parent=5908"}],"wp:term":[{"taxonomy":"product_brand","embeddable":true,"href":"https:\/\/jafep.com\/fr\/wp-json\/wp\/v2\/product_brand?post=5908"},{"taxonomy":"product_cat","embeddable":true,"href":"https:\/\/jafep.com\/fr\/wp-json\/wp\/v2\/product_cat?post=5908"},{"taxonomy":"product_tag","embeddable":true,"href":"https:\/\/jafep.com\/fr\/wp-json\/wp\/v2\/product_tag?post=5908"}],"curies":[{"name":"wp","href":"https:\/\/api.w.org\/{rel}","templated":true}]}}