{"id":5552,"date":"2017-03-22T11:29:37","date_gmt":"2017-03-22T11:29:37","guid":{"rendered":"https:\/\/jafep.com\/fr\/?post_type=product&#038;p=5552"},"modified":"2020-05-20T14:21:27","modified_gmt":"2020-05-20T14:21:27","slug":"glycero-brillante","status":"publish","type":"product","link":"https:\/\/jafep.com\/fr\/producto\/glycero-brillante\/","title":{"rendered":"Glyc\u00e9ro Brillante"},"content":{"rendered":"<p>Peinture laque synth\u00e9tique. Haute \u00e9clat et grand pouvoir couvrant. Formul\u00e9\u00a0avec des r\u00e9sines alkydes sp\u00e9ciales et pigments de r\u00e9sistance et stabilit\u00e9 av\u00e9r\u00e9s \u00e0 la lumi\u00e8re. Finition de qualit\u00e9 maximale. <\/p>\n","protected":false},"excerpt":{"rendered":"<p>Peinture Glyc\u00e9ro Brillante <\/p>\n","protected":false},"featured_media":0,"comment_status":"closed","ping_status":"closed","template":"","meta":{"_acf_changed":false,"_links_to":"","_links_to_target":""},"product_brand":[],"product_cat":[445,439],"product_tag":[],"class_list":{"0":"post-5552","1":"product","2":"type-product","3":"status-publish","5":"product_cat-peintures-decoration","6":"product_cat-peintures-glyceros-et-dimpressions","7":"pa_formatos-5-et-2","8":"pa_formatos-5-litres","9":"pa_herramientas-brocha-esmalte-barniz-acrilico-microfibra-fr","10":"pa_herramientas-pistola-fr","11":"pa_iconos-2-base-solvente-fr","13":"first","14":"instock","15":"shipping-taxable","16":"product-type-simple"},"acf":[],"_links":{"self":[{"href":"https:\/\/jafep.com\/fr\/wp-json\/wp\/v2\/product\/5552","targetHints":{"allow":["GET"]}}],"collection":[{"href":"https:\/\/jafep.com\/fr\/wp-json\/wp\/v2\/product"}],"about":[{"href":"https:\/\/jafep.com\/fr\/wp-json\/wp\/v2\/types\/product"}],"replies":[{"embeddable":true,"href":"https:\/\/jafep.com\/fr\/wp-json\/wp\/v2\/comments?post=5552"}],"wp:attachment":[{"href":"https:\/\/jafep.com\/fr\/wp-json\/wp\/v2\/media?parent=5552"}],"wp:term":[{"taxonomy":"product_brand","embeddable":true,"href":"https:\/\/jafep.com\/fr\/wp-json\/wp\/v2\/product_brand?post=5552"},{"taxonomy":"product_cat","embeddable":true,"href":"https:\/\/jafep.com\/fr\/wp-json\/wp\/v2\/product_cat?post=5552"},{"taxonomy":"product_tag","embeddable":true,"href":"https:\/\/jafep.com\/fr\/wp-json\/wp\/v2\/product_tag?post=5552"}],"curies":[{"name":"wp","href":"https:\/\/api.w.org\/{rel}","templated":true}]}}