{"id":5522,"date":"2017-03-22T09:34:03","date_gmt":"2017-03-22T09:34:03","guid":{"rendered":"https:\/\/jafep.com\/fr\/?post_type=product&#038;p=5522"},"modified":"2020-05-20T14:21:38","modified_gmt":"2020-05-20T14:21:38","slug":"peinture-acrylique-mate-mf-300","status":"publish","type":"product","link":"https:\/\/jafep.com\/fr\/producto\/peinture-acrylique-mate-mf-300\/","title":{"rendered":"Peinture Acrylique Mate MF-300"},"content":{"rendered":"<p>Peinture mate pour int\u00e9rieurs, id\u00e9ale pour peintre des murs et des plafonds, en g\u00e9n\u00e9ral de tout type de ma\u00e7onnerie. Elle peut \u00eatre appliqu\u00e9e en ext\u00e9rieurs en conditions atmosph\u00e9riques normales. <\/p>\n","protected":false},"excerpt":{"rendered":"<p>Peinture mate pour int\u00e9rieurs, id\u00e9ale pour peintre des murs et des plafonds, en g\u00e9n\u00e9ral de tout type de ma\u00e7onnerie. Elle peut \u00eatre appliqu\u00e9e en ext\u00e9rieurs en conditions atmosph\u00e9riques normales.<\/p>\n","protected":false},"featured_media":0,"comment_status":"closed","ping_status":"closed","template":"","meta":{"_acf_changed":false,"_links_to":"","_links_to_target":""},"product_brand":[],"product_cat":[22,753,502],"product_tag":[],"class_list":{"0":"post-5522","1":"product","2":"type-product","3":"status-publish","5":"product_cat-decorar-interiores-fr","6":"product_cat-en-mate-fr","7":"product_cat-mates-fr","8":"pa_herramientas-brocha-fr","9":"pa_herramientas-pistola-fr","10":"pa_herramientas-rodillo-fr-2","11":"pa_iconos-1-base-agua-fr","13":"first","14":"instock","15":"shipping-taxable","16":"product-type-simple"},"acf":[],"_links":{"self":[{"href":"https:\/\/jafep.com\/fr\/wp-json\/wp\/v2\/product\/5522","targetHints":{"allow":["GET"]}}],"collection":[{"href":"https:\/\/jafep.com\/fr\/wp-json\/wp\/v2\/product"}],"about":[{"href":"https:\/\/jafep.com\/fr\/wp-json\/wp\/v2\/types\/product"}],"replies":[{"embeddable":true,"href":"https:\/\/jafep.com\/fr\/wp-json\/wp\/v2\/comments?post=5522"}],"wp:attachment":[{"href":"https:\/\/jafep.com\/fr\/wp-json\/wp\/v2\/media?parent=5522"}],"wp:term":[{"taxonomy":"product_brand","embeddable":true,"href":"https:\/\/jafep.com\/fr\/wp-json\/wp\/v2\/product_brand?post=5522"},{"taxonomy":"product_cat","embeddable":true,"href":"https:\/\/jafep.com\/fr\/wp-json\/wp\/v2\/product_cat?post=5522"},{"taxonomy":"product_tag","embeddable":true,"href":"https:\/\/jafep.com\/fr\/wp-json\/wp\/v2\/product_tag?post=5522"}],"curies":[{"name":"wp","href":"https:\/\/api.w.org\/{rel}","templated":true}]}}