{"id":5514,"date":"2022-08-30T07:24:01","date_gmt":"2022-08-30T07:24:01","guid":{"rendered":"https:\/\/jafep.com\/fr\/?post_type=product&#038;p=5514"},"modified":"2022-08-30T07:24:01","modified_gmt":"2022-08-30T07:24:01","slug":"peinture-fer","status":"publish","type":"product","link":"https:\/\/jafep.com\/fr\/producto\/peinture-fer\/","title":{"rendered":"Peinture Fer"},"content":{"rendered":"<p>Peinture sp\u00e9cialement d\u00e9velopp\u00e9e pour\u00a0 la d\u00e9coration et la protection de m\u00e9taux ferreux. Elle proportionne un grand \u00e9clat et une grande couverture, formul\u00e9e avec des r\u00e9sines alkydes sp\u00e9ciales, des pigments et additifs antirouille de grande r\u00e9sistance et stabilit\u00e9, offrant une finition de qualit\u00e9 maximale.<\/p>\n<p>Elle est tr\u00e8s facile \u00e0 appliquer, proportionnant des finitions dures, r\u00e9sistantes aux frottements, \u00e0 l&#8217;abrasion et aux nettoyages. <\/p>\n","protected":false},"excerpt":{"rendered":"<p>Peinture sp\u00e9cialement d\u00e9velopp\u00e9e pour\u00a0 la d\u00e9coration et la protection de m\u00e9taux ferreux. Elle proportionne un grand \u00e9clat et une grande couverture, formul\u00e9e avec des r\u00e9sines alkydes sp\u00e9ciales, des pigments et additifs antirouille de grande r\u00e9sistance et stabilit\u00e9, offrant une finition de qualit\u00e9 maximale. Elle est tr\u00e8s facile \u00e0 appliquer, proportionnant des finitions dures, r\u00e9sistantes aux&#8230;<\/p>\n","protected":false},"featured_media":0,"comment_status":"closed","ping_status":"closed","template":"","meta":{"_acf_changed":false,"_links_to":"","_links_to_target":""},"product_brand":[],"product_cat":[984],"product_tag":[],"class_list":{"0":"post-5514","1":"product","2":"type-product","3":"status-publish","5":"product_cat-esmaltes-imprimaciones-y-selladoras-fr","7":"first","8":"instock","9":"shipping-taxable","10":"product-type-simple"},"acf":[],"_links":{"self":[{"href":"https:\/\/jafep.com\/fr\/wp-json\/wp\/v2\/product\/5514","targetHints":{"allow":["GET"]}}],"collection":[{"href":"https:\/\/jafep.com\/fr\/wp-json\/wp\/v2\/product"}],"about":[{"href":"https:\/\/jafep.com\/fr\/wp-json\/wp\/v2\/types\/product"}],"replies":[{"embeddable":true,"href":"https:\/\/jafep.com\/fr\/wp-json\/wp\/v2\/comments?post=5514"}],"wp:attachment":[{"href":"https:\/\/jafep.com\/fr\/wp-json\/wp\/v2\/media?parent=5514"}],"wp:term":[{"taxonomy":"product_brand","embeddable":true,"href":"https:\/\/jafep.com\/fr\/wp-json\/wp\/v2\/product_brand?post=5514"},{"taxonomy":"product_cat","embeddable":true,"href":"https:\/\/jafep.com\/fr\/wp-json\/wp\/v2\/product_cat?post=5514"},{"taxonomy":"product_tag","embeddable":true,"href":"https:\/\/jafep.com\/fr\/wp-json\/wp\/v2\/product_tag?post=5514"}],"curies":[{"name":"wp","href":"https:\/\/api.w.org\/{rel}","templated":true}]}}