{"id":5513,"date":"2020-10-28T09:01:57","date_gmt":"2020-10-28T09:01:57","guid":{"rendered":"https:\/\/jafep.com\/fr\/?post_type=product&#038;p=5513"},"modified":"2020-10-28T09:49:30","modified_gmt":"2020-10-28T09:49:30","slug":"peinture-bois","status":"publish","type":"product","link":"https:\/\/jafep.com\/fr\/producto\/peinture-bois\/","title":{"rendered":"Peinture Bois"},"content":{"rendered":"<p>Peinture satin\u00e9e microporeuse sp\u00e9cialement d\u00e9velopp\u00e9e pour\u00a0 la d\u00e9coration et la protection du bois en int\u00e9rieur et ext\u00e9rieur. Elle laisse respirer le bois, limitant ainsi les risques de cloquage. <\/p>\n","protected":false},"excerpt":{"rendered":"<p>Peinture Alkyde pour Bois <\/p>\n","protected":false},"featured_media":0,"comment_status":"closed","ping_status":"closed","template":"","meta":{"_acf_changed":false,"_links_to":"","_links_to_target":""},"product_brand":[],"product_cat":[984],"product_tag":[],"class_list":{"0":"post-5513","1":"product","2":"type-product","3":"status-publish","5":"product_cat-esmaltes-imprimaciones-y-selladoras-fr","7":"first","8":"instock","9":"shipping-taxable","10":"product-type-simple"},"acf":[],"_links":{"self":[{"href":"https:\/\/jafep.com\/fr\/wp-json\/wp\/v2\/product\/5513","targetHints":{"allow":["GET"]}}],"collection":[{"href":"https:\/\/jafep.com\/fr\/wp-json\/wp\/v2\/product"}],"about":[{"href":"https:\/\/jafep.com\/fr\/wp-json\/wp\/v2\/types\/product"}],"replies":[{"embeddable":true,"href":"https:\/\/jafep.com\/fr\/wp-json\/wp\/v2\/comments?post=5513"}],"wp:attachment":[{"href":"https:\/\/jafep.com\/fr\/wp-json\/wp\/v2\/media?parent=5513"}],"wp:term":[{"taxonomy":"product_brand","embeddable":true,"href":"https:\/\/jafep.com\/fr\/wp-json\/wp\/v2\/product_brand?post=5513"},{"taxonomy":"product_cat","embeddable":true,"href":"https:\/\/jafep.com\/fr\/wp-json\/wp\/v2\/product_cat?post=5513"},{"taxonomy":"product_tag","embeddable":true,"href":"https:\/\/jafep.com\/fr\/wp-json\/wp\/v2\/product_tag?post=5513"}],"curies":[{"name":"wp","href":"https:\/\/api.w.org\/{rel}","templated":true}]}}