{"id":5512,"date":"2019-04-25T08:42:07","date_gmt":"2019-04-25T08:42:07","guid":{"rendered":"https:\/\/jafep.com\/fr\/?post_type=product&#038;p=5512"},"modified":"2020-05-20T14:16:23","modified_gmt":"2020-05-20T14:16:23","slug":"acrylique-satine","status":"publish","type":"product","link":"https:\/\/jafep.com\/fr\/producto\/acrylique-satine\/","title":{"rendered":"Acrylique Satin\u00e9e"},"content":{"rendered":"<p>Peinture de haute qualit\u00e9, \u00e0 base de r\u00e9sines acryliques en \u00e9mulsion. Avec une exceptionnelle blancheur, pouvoir couvrant et rendement. <\/p>\n","protected":false},"excerpt":{"rendered":"<p>Peinture de haute qualit\u00e9, \u00e0 base de r\u00e9sines acryliques en \u00e9mulsion. Avec une exceptionnelle blancheur, pouvoir couvrant et rendement.<\/p>\n","protected":false},"featured_media":0,"comment_status":"closed","ping_status":"closed","template":"","meta":{"_acf_changed":false,"_links_to":"","_links_to_target":""},"product_brand":[],"product_cat":[22],"product_tag":[],"class_list":{"0":"post-5512","1":"product","2":"type-product","3":"status-publish","5":"product_cat-decorar-interiores-fr","6":"pa_herramientas-airless-fr","7":"pa_herramientas-brocha-fr","8":"pa_herramientas-rodillo-fr","9":"pa_iconos-41-brocha-rodillo-pistola-fr","10":"pa_iconos-45-exterior-interior-fr","11":"pa_iconos-producto-al-agua-fr","13":"first","14":"instock","15":"shipping-taxable","16":"product-type-simple"},"acf":[],"_links":{"self":[{"href":"https:\/\/jafep.com\/fr\/wp-json\/wp\/v2\/product\/5512","targetHints":{"allow":["GET"]}}],"collection":[{"href":"https:\/\/jafep.com\/fr\/wp-json\/wp\/v2\/product"}],"about":[{"href":"https:\/\/jafep.com\/fr\/wp-json\/wp\/v2\/types\/product"}],"replies":[{"embeddable":true,"href":"https:\/\/jafep.com\/fr\/wp-json\/wp\/v2\/comments?post=5512"}],"wp:attachment":[{"href":"https:\/\/jafep.com\/fr\/wp-json\/wp\/v2\/media?parent=5512"}],"wp:term":[{"taxonomy":"product_brand","embeddable":true,"href":"https:\/\/jafep.com\/fr\/wp-json\/wp\/v2\/product_brand?post=5512"},{"taxonomy":"product_cat","embeddable":true,"href":"https:\/\/jafep.com\/fr\/wp-json\/wp\/v2\/product_cat?post=5512"},{"taxonomy":"product_tag","embeddable":true,"href":"https:\/\/jafep.com\/fr\/wp-json\/wp\/v2\/product_tag?post=5512"}],"curies":[{"name":"wp","href":"https:\/\/api.w.org\/{rel}","templated":true}]}}