{"id":5511,"date":"2017-03-22T11:54:25","date_gmt":"2017-03-22T11:54:25","guid":{"rendered":"https:\/\/jafep.com\/fr\/?post_type=product&#038;p=5511"},"modified":"2020-05-20T14:21:27","modified_gmt":"2020-05-20T14:21:27","slug":"acrylique-mat","status":"publish","type":"product","link":"https:\/\/jafep.com\/fr\/producto\/acrylique-mat\/","title":{"rendered":"Acrylique Mate"},"content":{"rendered":"<p>Peinture acrylique en phase aqueuse de haute qualit\u00e9. Pour obtenir des finitions en diff\u00e9rentes couleurs. Peut \u00eatre utilis\u00e9e pour des travaux de d\u00e9coration, de restauration et d&#8217;entretien. <\/p>\n","protected":false},"excerpt":{"rendered":"<p>Peinture acrylique en phase aqueuse de haute qualit\u00e9. Pour obtenir des finitions en diff\u00e9rentes couleurs. Peut \u00eatre utilis\u00e9e pour des travaux de d\u00e9coration, de restauration et d&#8217;entretien.<\/p>\n","protected":false},"featured_media":0,"comment_status":"closed","ping_status":"closed","template":"","meta":{"_acf_changed":false,"_links_to":"","_links_to_target":""},"product_brand":[],"product_cat":[753,502],"product_tag":[],"class_list":{"0":"post-5511","1":"product","2":"type-product","3":"status-publish","5":"product_cat-en-mate-fr","6":"product_cat-mates-fr","7":"pa_herramientas-brocha-fr","8":"pa_herramientas-pistola-fr","9":"pa_herramientas-rodillo-fr-2","11":"first","12":"instock","13":"shipping-taxable","14":"product-type-simple"},"acf":[],"_links":{"self":[{"href":"https:\/\/jafep.com\/fr\/wp-json\/wp\/v2\/product\/5511","targetHints":{"allow":["GET"]}}],"collection":[{"href":"https:\/\/jafep.com\/fr\/wp-json\/wp\/v2\/product"}],"about":[{"href":"https:\/\/jafep.com\/fr\/wp-json\/wp\/v2\/types\/product"}],"replies":[{"embeddable":true,"href":"https:\/\/jafep.com\/fr\/wp-json\/wp\/v2\/comments?post=5511"}],"wp:attachment":[{"href":"https:\/\/jafep.com\/fr\/wp-json\/wp\/v2\/media?parent=5511"}],"wp:term":[{"taxonomy":"product_brand","embeddable":true,"href":"https:\/\/jafep.com\/fr\/wp-json\/wp\/v2\/product_brand?post=5511"},{"taxonomy":"product_cat","embeddable":true,"href":"https:\/\/jafep.com\/fr\/wp-json\/wp\/v2\/product_cat?post=5511"},{"taxonomy":"product_tag","embeddable":true,"href":"https:\/\/jafep.com\/fr\/wp-json\/wp\/v2\/product_tag?post=5511"}],"curies":[{"name":"wp","href":"https:\/\/api.w.org\/{rel}","templated":true}]}}