{"id":5510,"date":"2017-03-22T10:17:36","date_gmt":"2017-03-22T10:17:36","guid":{"rendered":"https:\/\/jafep.com\/fr\/?post_type=product&#038;p=5510"},"modified":"2020-05-20T14:21:33","modified_gmt":"2020-05-20T14:21:33","slug":"glycero-satine","status":"publish","type":"product","link":"https:\/\/jafep.com\/fr\/producto\/glycero-satine\/","title":{"rendered":"Glyc\u00e9ro Satin\u00e9e"},"content":{"rendered":"<p>C&#8217;est une peinture laque alkyde satin\u00e9e et avec bon pouvoir couvrante, formul\u00e9 avec\u00a0r\u00e9sines alkydes sp\u00e9ciales et teintes de reconnue r\u00e9sistance et stabilit\u00e9 \u00e0 la lumi\u00e8re, qui\u00a0proportionne des finitions de qualit\u00e9 optimale. <\/p>\n","protected":false},"excerpt":{"rendered":"<p>Peinture Glyc\u00e9ro Satin\u00e9e <\/p>\n","protected":false},"featured_media":0,"comment_status":"closed","ping_status":"closed","template":"","meta":{"_acf_changed":false,"_links_to":"","_links_to_target":""},"product_brand":[],"product_cat":[439],"product_tag":[],"class_list":{"0":"post-5510","1":"product","2":"type-product","3":"status-publish","5":"product_cat-peintures-glyceros-et-dimpressions","7":"first","8":"instock","9":"shipping-taxable","10":"product-type-simple"},"acf":[],"_links":{"self":[{"href":"https:\/\/jafep.com\/fr\/wp-json\/wp\/v2\/product\/5510","targetHints":{"allow":["GET"]}}],"collection":[{"href":"https:\/\/jafep.com\/fr\/wp-json\/wp\/v2\/product"}],"about":[{"href":"https:\/\/jafep.com\/fr\/wp-json\/wp\/v2\/types\/product"}],"replies":[{"embeddable":true,"href":"https:\/\/jafep.com\/fr\/wp-json\/wp\/v2\/comments?post=5510"}],"wp:attachment":[{"href":"https:\/\/jafep.com\/fr\/wp-json\/wp\/v2\/media?parent=5510"}],"wp:term":[{"taxonomy":"product_brand","embeddable":true,"href":"https:\/\/jafep.com\/fr\/wp-json\/wp\/v2\/product_brand?post=5510"},{"taxonomy":"product_cat","embeddable":true,"href":"https:\/\/jafep.com\/fr\/wp-json\/wp\/v2\/product_cat?post=5510"},{"taxonomy":"product_tag","embeddable":true,"href":"https:\/\/jafep.com\/fr\/wp-json\/wp\/v2\/product_tag?post=5510"}],"curies":[{"name":"wp","href":"https:\/\/api.w.org\/{rel}","templated":true}]}}