{"id":5495,"date":"2016-12-15T10:01:25","date_gmt":"2016-12-15T10:01:25","guid":{"rendered":"https:\/\/jafep.com\/fr\/producto\/sellacryl-para-siliconado-al-siloxano\/"},"modified":"2023-05-08T09:34:12","modified_gmt":"2023-05-08T09:34:12","slug":"sellacryl-para-siliconado-al-siloxano","status":"publish","type":"product","link":"https:\/\/jafep.com\/fr\/producto\/sellacryl-para-siliconado-al-siloxano\/","title":{"rendered":"Sellacryl pour Silicon\u00e9 (Au Siloxane)"},"content":{"rendered":"<p>Impression hautement p\u00e9n\u00e9trante, est apropi\u00e9e popur la pr\u00e9paration des\u00a0surfaces\u00a0poreuses, d&#8217;une part consolide les substrats d\u00e9terior\u00e9s,\u00a0augmente son degr\u00e9\u00a0d&#8217;imperm\u00e9abilit\u00e9 et d&#8217;autre part permet\u00a0la\u00a0transpiration de la vapeur d&#8217;eau. Pour toutes ces raisons elle est fortement recommand\u00e9e pour la pr\u00e9paration de fa\u00e7ades\u00a0qui vont \u00eatre peintesavec des rev\u00eatements au siloxane.<\/p>\n<p>Am\u00e9liore l&#8217;adh\u00e9rence\u00a0des\u00a0rev\u00eatements et\u00a0 r\u00e9duit \u00a0consid\u00e9rablement les variations\u00a0de l&#8217;aspect\u00a0des finitions donc on \u00e9vite des diff\u00e9rences d&#8217;asorption. <\/p>\n","protected":false},"excerpt":{"rendered":"<p>Primaire pour surfaces silicon\u00e9es. <\/p>\n","protected":false},"featured_media":0,"comment_status":"closed","ping_status":"closed","template":"","meta":{"_acf_changed":false,"_links_to":"","_links_to_target":""},"product_brand":[],"product_cat":[817,536,1359],"product_tag":[],"class_list":{"0":"post-5495","1":"product","2":"type-product","3":"status-publish","5":"product_cat-imprimar-fr","6":"product_cat-complements","7":"product_cat-preparation-et-sous-couches","8":"pa_formatos-4l-fr","9":"pa_herramientas-airless-fr","10":"pa_herramientas-brocha-fr","11":"pa_herramientas-pistola-fr","12":"pa_herramientas-rodillo-fr-2","13":"pa_iconos-1-base-agua-fr","14":"pa_iconos-45-exterior-interior-fr","15":"pa_iconos-rendimiento-4-6-m2-l-fr","17":"first","18":"instock","19":"shipping-taxable","20":"product-type-simple"},"acf":[],"_links":{"self":[{"href":"https:\/\/jafep.com\/fr\/wp-json\/wp\/v2\/product\/5495","targetHints":{"allow":["GET"]}}],"collection":[{"href":"https:\/\/jafep.com\/fr\/wp-json\/wp\/v2\/product"}],"about":[{"href":"https:\/\/jafep.com\/fr\/wp-json\/wp\/v2\/types\/product"}],"replies":[{"embeddable":true,"href":"https:\/\/jafep.com\/fr\/wp-json\/wp\/v2\/comments?post=5495"}],"wp:attachment":[{"href":"https:\/\/jafep.com\/fr\/wp-json\/wp\/v2\/media?parent=5495"}],"wp:term":[{"taxonomy":"product_brand","embeddable":true,"href":"https:\/\/jafep.com\/fr\/wp-json\/wp\/v2\/product_brand?post=5495"},{"taxonomy":"product_cat","embeddable":true,"href":"https:\/\/jafep.com\/fr\/wp-json\/wp\/v2\/product_cat?post=5495"},{"taxonomy":"product_tag","embeddable":true,"href":"https:\/\/jafep.com\/fr\/wp-json\/wp\/v2\/product_tag?post=5495"}],"curies":[{"name":"wp","href":"https:\/\/api.w.org\/{rel}","templated":true}]}}