{"id":4636,"date":"2016-09-28T10:29:01","date_gmt":"2016-09-28T10:29:01","guid":{"rendered":"https:\/\/jafep.com\/?post_type=product&#038;p=4636"},"modified":"2025-04-02T07:28:20","modified_gmt":"2025-04-02T07:28:20","slug":"telacril-fibrado-2","status":"publish","type":"product","link":"https:\/\/jafep.com\/fr\/producto\/telacril-fibrado-2\/","title":{"rendered":"Telacril Fibrado"},"content":{"rendered":"<p>Telacril Fibrado es un impermeabilizante l\u00edquido en base agua,\u00a0altamente el\u00e1stico, basado en una dispersi\u00f3n de copol\u00edmeros acr\u00edlicos en emulsi\u00f3n. Lleva incorporada en su formulaci\u00f3n fibra de vidrio cortada que, distribuida al azar en el interior del producto, proporciona una alta compactaci\u00f3n sin apenas p\u00e9rdida de flexibilidad. <\/p>\n","protected":false},"excerpt":{"rendered":"<p>Impermeabilizante elastom\u00e9rico con fibra de vidrio <\/p>\n","protected":false},"featured_media":82852,"comment_status":"closed","ping_status":"closed","template":"","meta":{"_acf_changed":false,"_links_to":"","_links_to_target":""},"product_brand":[],"product_cat":[192,97,805,31,165,166,1279],"product_tag":[],"class_list":{"0":"post-4636","1":"product","2":"type-product","3":"status-publish","4":"has-post-thumbnail","6":"product_cat-aislar-termicamente","7":"product_cat-exteriores","8":"product_cat-impermeabilizar","9":"product_cat-linea-antihumedad","10":"product_cat-terrazas","11":"product_cat-tejados","12":"product_cat-telacril","13":"pa_formatos-15l","14":"pa_formatos-4l","15":"pa_herramientas-brocha","16":"pa_herramientas-pistola","17":"pa_herramientas-rodillo","18":"pa_iconos-1-m2-l","19":"pa_iconos-base-agua","20":"pa_iconos-conservante-antimoho-sitema-atmh","21":"pa_iconos-elongacion","22":"pa_iconos-exterior","23":"pa_iconos-satinado","25":"first","26":"instock","27":"shipping-taxable","28":"product-type-simple"},"acf":[],"_links":{"self":[{"href":"https:\/\/jafep.com\/fr\/wp-json\/wp\/v2\/product\/4636","targetHints":{"allow":["GET"]}}],"collection":[{"href":"https:\/\/jafep.com\/fr\/wp-json\/wp\/v2\/product"}],"about":[{"href":"https:\/\/jafep.com\/fr\/wp-json\/wp\/v2\/types\/product"}],"replies":[{"embeddable":true,"href":"https:\/\/jafep.com\/fr\/wp-json\/wp\/v2\/comments?post=4636"}],"wp:featuredmedia":[{"embeddable":true,"href":"https:\/\/jafep.com\/fr\/wp-json\/wp\/v2\/media\/82852"}],"wp:attachment":[{"href":"https:\/\/jafep.com\/fr\/wp-json\/wp\/v2\/media?parent=4636"}],"wp:term":[{"taxonomy":"product_brand","embeddable":true,"href":"https:\/\/jafep.com\/fr\/wp-json\/wp\/v2\/product_brand?post=4636"},{"taxonomy":"product_cat","embeddable":true,"href":"https:\/\/jafep.com\/fr\/wp-json\/wp\/v2\/product_cat?post=4636"},{"taxonomy":"product_tag","embeddable":true,"href":"https:\/\/jafep.com\/fr\/wp-json\/wp\/v2\/product_tag?post=4636"}],"curies":[{"name":"wp","href":"https:\/\/api.w.org\/{rel}","templated":true}]}}