{"id":4509,"date":"2016-08-24T15:09:41","date_gmt":"2016-08-24T15:09:41","guid":{"rendered":"https:\/\/jafep.com\/?post_type=product&#038;p=4509"},"modified":"2025-05-29T14:45:10","modified_gmt":"2025-05-29T14:45:10","slug":"imprimacion-antioxidante-n-max","status":"publish","type":"product","link":"https:\/\/jafep.com\/fr\/producto\/imprimacion-antioxidante-n-max\/","title":{"rendered":"Imprimaci\u00f3n Antioxidante N-Max"},"content":{"rendered":"<p>Versi\u00f3n reforzada de la imprimaci\u00f3n &#8220;N&#8221;, con contenido m\u00e1ximo de fosfato de zinc y otros aditivos antioxidantes. Basado en resinas alqu\u00eddicas, es un eficaz protector del hierro y el acero en zonas costeras. Repintable incluso con acabados nitrocelul\u00f3sicos y poliuretanos en dos componentes.<\/p>\n","protected":false},"excerpt":{"rendered":"<p>Imprimaci\u00f3n antioxidante a base de resinas alqu\u00eddicas<\/p>\n","protected":false},"featured_media":82847,"comment_status":"closed","ping_status":"closed","template":"","meta":{"_acf_changed":false,"_links_to":"","_links_to_target":""},"product_brand":[],"product_cat":[211,27,39,99,178],"product_tag":[],"class_list":{"0":"post-4509","1":"product","2":"type-product","3":"status-publish","4":"has-post-thumbnail","6":"product_cat-antes-de-pintar-metal","7":"product_cat-esmaltes-imprimaciones-y-selladoras","8":"product_cat-imprimaciones","9":"product_cat-metal","10":"product_cat-proteger-metal","11":"pa_formatos-4l","12":"pa_herramientas-airless","13":"pa_herramientas-brocha","14":"pa_herramientas-pistola","15":"pa_herramientas-rodillo-esmalte-barniz-sintetico-100-espuma-flocada","16":"pa_iconos-base-solvente","17":"pa_iconos-exterior-interior","18":"pa_iconos-rendimiento-de-10-12-m2l","19":"pa_iconos-satinado","21":"first","22":"instock","23":"shipping-taxable","24":"product-type-simple"},"acf":[],"_links":{"self":[{"href":"https:\/\/jafep.com\/fr\/wp-json\/wp\/v2\/product\/4509","targetHints":{"allow":["GET"]}}],"collection":[{"href":"https:\/\/jafep.com\/fr\/wp-json\/wp\/v2\/product"}],"about":[{"href":"https:\/\/jafep.com\/fr\/wp-json\/wp\/v2\/types\/product"}],"replies":[{"embeddable":true,"href":"https:\/\/jafep.com\/fr\/wp-json\/wp\/v2\/comments?post=4509"}],"wp:featuredmedia":[{"embeddable":true,"href":"https:\/\/jafep.com\/fr\/wp-json\/wp\/v2\/media\/82847"}],"wp:attachment":[{"href":"https:\/\/jafep.com\/fr\/wp-json\/wp\/v2\/media?parent=4509"}],"wp:term":[{"taxonomy":"product_brand","embeddable":true,"href":"https:\/\/jafep.com\/fr\/wp-json\/wp\/v2\/product_brand?post=4509"},{"taxonomy":"product_cat","embeddable":true,"href":"https:\/\/jafep.com\/fr\/wp-json\/wp\/v2\/product_cat?post=4509"},{"taxonomy":"product_tag","embeddable":true,"href":"https:\/\/jafep.com\/fr\/wp-json\/wp\/v2\/product_tag?post=4509"}],"curies":[{"name":"wp","href":"https:\/\/api.w.org\/{rel}","templated":true}]}}