{"id":4444,"date":"2016-08-16T14:05:06","date_gmt":"2016-08-16T14:05:06","guid":{"rendered":"https:\/\/jafep.com\/?post_type=product&#038;p=4444"},"modified":"2025-07-21T09:35:31","modified_gmt":"2025-07-21T07:35:31","slug":"beyem-adheterm","status":"publish","type":"product","link":"https:\/\/jafep.com\/fr\/producto\/beyem-adheterm\/","title":{"rendered":"Beyem Adheterm"},"content":{"rendered":"<p>BEYEM ADHETERM es un mortero pol\u00edmero modificado y de retracci\u00f3n compensada para la adhesi\u00f3n y fijaci\u00f3n de placas aislantes de poliestireno expandido, poliestireno extruido y de lana mineral, para el sistema de aislamiento t\u00e9rmico por el exterior (SATE\/ETIC). BEYEM ADHETERM est\u00e1 formulado a base de cemento de alta resistencia, \u00e1ridos seleccionados, aditivos org\u00e1nicos y resinas sint\u00e9ticas que mejoran la trabajabilidad, retenci\u00f3n de agua, tiempo abierto y adherencia del mortero. Fibrorreforzado.<\/p>\n","protected":false},"excerpt":{"rendered":"<p>BEYEM ADHETERM es un mortero pol\u00edmero modificado y de retracci\u00f3n compensada para la adhesi\u00f3n y fijaci\u00f3n de placas aislantes de poliestireno expandido, poliestireno extruido y de lana mineral, para el sistema de aislamiento t\u00e9rmico por el exterior (SATE\/ETIC). BEYEM ADHETERM est\u00e1 formulado a base de cemento de alta resistencia, \u00e1ridos seleccionados, aditivos org\u00e1nicos y resinas&#8230;<\/p>\n","protected":false},"featured_media":86197,"comment_status":"closed","ping_status":"closed","template":"","meta":{"_acf_changed":false,"_links_to":"","_links_to_target":""},"product_brand":[],"product_cat":[192,97,200,677],"product_tag":[],"class_list":{"0":"post-4444","1":"product","2":"type-product","3":"status-publish","4":"has-post-thumbnail","6":"product_cat-aislar-termicamente","7":"product_cat-exteriores","8":"product_cat-sate","9":"product_cat-sistema-de-aislamiento-termico-por-el-exterior-sate","10":"pa_herramientas-llana","11":"pa_herramientas-llana-dentada","13":"first","14":"instock","15":"shipping-taxable","16":"product-type-simple"},"acf":[],"_links":{"self":[{"href":"https:\/\/jafep.com\/fr\/wp-json\/wp\/v2\/product\/4444","targetHints":{"allow":["GET"]}}],"collection":[{"href":"https:\/\/jafep.com\/fr\/wp-json\/wp\/v2\/product"}],"about":[{"href":"https:\/\/jafep.com\/fr\/wp-json\/wp\/v2\/types\/product"}],"replies":[{"embeddable":true,"href":"https:\/\/jafep.com\/fr\/wp-json\/wp\/v2\/comments?post=4444"}],"wp:featuredmedia":[{"embeddable":true,"href":"https:\/\/jafep.com\/fr\/wp-json\/wp\/v2\/media\/86197"}],"wp:attachment":[{"href":"https:\/\/jafep.com\/fr\/wp-json\/wp\/v2\/media?parent=4444"}],"wp:term":[{"taxonomy":"product_brand","embeddable":true,"href":"https:\/\/jafep.com\/fr\/wp-json\/wp\/v2\/product_brand?post=4444"},{"taxonomy":"product_cat","embeddable":true,"href":"https:\/\/jafep.com\/fr\/wp-json\/wp\/v2\/product_cat?post=4444"},{"taxonomy":"product_tag","embeddable":true,"href":"https:\/\/jafep.com\/fr\/wp-json\/wp\/v2\/product_tag?post=4444"}],"curies":[{"name":"wp","href":"https:\/\/api.w.org\/{rel}","templated":true}]}}