{"id":4413,"date":"2016-06-22T13:42:29","date_gmt":"2016-06-22T13:42:29","guid":{"rendered":"https:\/\/jafep.com\/fr\/producto\/esmalte-laca-uretanada\/"},"modified":"2023-09-25T14:38:17","modified_gmt":"2023-09-25T14:38:17","slug":"esmalte-laca-uretanada","status":"publish","type":"product","link":"https:\/\/jafep.com\/fr\/producto\/esmalte-laca-uretanada\/","title":{"rendered":"Peinture Laque \u00e0 l&#8217;Ur\u00e9thane. Satin\u00e9e."},"content":{"rendered":"<p>Vernis laque haut rendement au polyur\u00e9thane et aux additifs anti-corrosion permettant d&#8217;obtenir des finitions satin\u00e9es d&#8217;aspect laqu\u00e9 . R\u00e9sistant \u00e0 la friction, aux griffures et aux nettoyants domestiques. <\/p>\n","protected":false},"excerpt":{"rendered":"<p>Peinture Laque \u00e0 l&#8217;Ur\u00e9thane <\/p>\n","protected":false},"featured_media":82819,"comment_status":"closed","ping_status":"closed","template":"","meta":{"_acf_changed":false,"_links_to":"","_links_to_target":""},"product_brand":[],"product_cat":[548,984,775,776,777,779,446,780,778,1397],"product_tag":[],"class_list":{"0":"post-4413","1":"product","2":"type-product","3":"status-publish","4":"has-post-thumbnail","6":"product_cat-bases-systeme-industriel-dual","7":"product_cat-esmaltes-imprimaciones-y-selladoras-fr","8":"product_cat-en-satinado-fr","9":"product_cat-lacar-fr","10":"product_cat-mobiliario-de-jardin-fr","11":"product_cat-pintar-cambiar-el-color-fr","12":"product_cat-peintures-laques-speciales","13":"product_cat-proteger-metal-fr","14":"product_cat-oxido-fr","15":"product_cat-sisteme-a-teinter","16":"pa_formatos-4l-fr","17":"pa_formatos-750ml-fr","18":"pa_herramientas-airless-fr","19":"pa_herramientas-brocha-fr","20":"pa_herramientas-pistola-fr","21":"pa_herramientas-rodillo-esmalte-barniz-sintetico-100-espuma-flocada-fr","22":"pa_herramientas-rodillo-esmalte-barniz-sintetico-100-lana-de-oveja-45mm-fr","23":"pa_herramientas-rodillo-esmalte-barniz-sintetico-100-poliester-tejido-13mm-fr","24":"pa_herramientas-rodillo-esmalte-barniz-sintetico-flocado-fr","25":"pa_herramientas-rodillo-esmalte-barniz-sintetico-y-acrilico-100-espuma-densidad-60-fr","26":"pa_herramientas-rodillo-esmalte-barniz-acrilico-microfibra-8-mm-fr","27":"pa_iconos-2-base-solvente-fr","28":"pa_iconos-30-rendimiento-12-14-m2-fr","29":"pa_iconos-45-exterior-interior-fr","30":"pa_iconos-satinado-fr","32":"first","33":"instock","34":"shipping-taxable","35":"product-type-simple"},"acf":[],"_links":{"self":[{"href":"https:\/\/jafep.com\/fr\/wp-json\/wp\/v2\/product\/4413","targetHints":{"allow":["GET"]}}],"collection":[{"href":"https:\/\/jafep.com\/fr\/wp-json\/wp\/v2\/product"}],"about":[{"href":"https:\/\/jafep.com\/fr\/wp-json\/wp\/v2\/types\/product"}],"replies":[{"embeddable":true,"href":"https:\/\/jafep.com\/fr\/wp-json\/wp\/v2\/comments?post=4413"}],"wp:featuredmedia":[{"embeddable":true,"href":"https:\/\/jafep.com\/fr\/wp-json\/wp\/v2\/media\/82819"}],"wp:attachment":[{"href":"https:\/\/jafep.com\/fr\/wp-json\/wp\/v2\/media?parent=4413"}],"wp:term":[{"taxonomy":"product_brand","embeddable":true,"href":"https:\/\/jafep.com\/fr\/wp-json\/wp\/v2\/product_brand?post=4413"},{"taxonomy":"product_cat","embeddable":true,"href":"https:\/\/jafep.com\/fr\/wp-json\/wp\/v2\/product_cat?post=4413"},{"taxonomy":"product_tag","embeddable":true,"href":"https:\/\/jafep.com\/fr\/wp-json\/wp\/v2\/product_tag?post=4413"}],"curies":[{"name":"wp","href":"https:\/\/api.w.org\/{rel}","templated":true}]}}