{"id":4092,"date":"2016-05-10T08:20:52","date_gmt":"2016-05-10T08:20:52","guid":{"rendered":"https:\/\/jafep.com\/?post_type=product&#038;p=4092"},"modified":"2025-04-03T08:22:12","modified_gmt":"2025-04-03T08:22:12","slug":"esmalte-sintetico-industrial-brillo-satinado-p-tr","status":"publish","type":"product","link":"https:\/\/jafep.com\/fr\/producto\/esmalte-sintetico-industrial-brillo-satinado-p-tr\/","title":{"rendered":"Bases para Esmalte Sint\u00e9tico Industrial brillo-satinado &#8211; P-TR"},"content":{"rendered":"<p>Esmalte Industrial de secado muy r\u00e1pido, elaborado con resinas alqu\u00eddicas especiales modificadas<\/p>\n<p>sin pigmentar (TR \/ TDL) y pigmentado (P \/ TAL) de gran resistencia que proporciona acabados de gran calidad.<\/p>\n","protected":false},"excerpt":{"rendered":"<p>Esmalte Industrial de secado muy r\u00e1pido, elaborado con resinas alqu\u00eddicas especiales modificadas sin pigmentar (TR \/ TDL) y pigmentado (P \/ TAL) de gran resistencia que proporciona acabados de gran calidad.<\/p>\n","protected":false},"featured_media":83728,"comment_status":"closed","ping_status":"closed","template":"","meta":{"_acf_changed":false,"_links_to":"","_links_to_target":""},"product_brand":[],"product_cat":[79,37],"product_tag":[],"class_list":{"0":"post-4092","1":"product","2":"type-product","3":"status-publish","4":"has-post-thumbnail","6":"product_cat-bases-sistema-industrial-dual","7":"product_cat-sistemas-tintometricos","8":"pa_formatos-15l","9":"pa_formatos-4l","10":"pa_formatos-750ml","11":"pa_herramientas-airless","12":"pa_herramientas-pistola","13":"pa_iconos-base-solvente","14":"pa_iconos-exterior-interior","15":"pa_iconos-rendimiento-de-10-12-m2l","17":"first","18":"instock","19":"shipping-taxable","20":"product-type-simple"},"acf":[],"_links":{"self":[{"href":"https:\/\/jafep.com\/fr\/wp-json\/wp\/v2\/product\/4092","targetHints":{"allow":["GET"]}}],"collection":[{"href":"https:\/\/jafep.com\/fr\/wp-json\/wp\/v2\/product"}],"about":[{"href":"https:\/\/jafep.com\/fr\/wp-json\/wp\/v2\/types\/product"}],"replies":[{"embeddable":true,"href":"https:\/\/jafep.com\/fr\/wp-json\/wp\/v2\/comments?post=4092"}],"wp:featuredmedia":[{"embeddable":true,"href":"https:\/\/jafep.com\/fr\/wp-json\/wp\/v2\/media\/83728"}],"wp:attachment":[{"href":"https:\/\/jafep.com\/fr\/wp-json\/wp\/v2\/media?parent=4092"}],"wp:term":[{"taxonomy":"product_brand","embeddable":true,"href":"https:\/\/jafep.com\/fr\/wp-json\/wp\/v2\/product_brand?post=4092"},{"taxonomy":"product_cat","embeddable":true,"href":"https:\/\/jafep.com\/fr\/wp-json\/wp\/v2\/product_cat?post=4092"},{"taxonomy":"product_tag","embeddable":true,"href":"https:\/\/jafep.com\/fr\/wp-json\/wp\/v2\/product_tag?post=4092"}],"curies":[{"name":"wp","href":"https:\/\/api.w.org\/{rel}","templated":true}]}}