{"id":4085,"date":"2016-05-10T08:10:45","date_gmt":"2016-05-10T08:10:45","guid":{"rendered":"https:\/\/jafep.com\/?post_type=product&#038;p=4085"},"modified":"2025-04-02T07:34:57","modified_gmt":"2025-04-02T07:34:57","slug":"pintura-plastica-mate-easyclean-p-d-tr","status":"publish","type":"product","link":"https:\/\/jafep.com\/fr\/producto\/pintura-plastica-mate-easyclean-p-d-tr\/","title":{"rendered":"Bases para Pintura  pl\u00e1stica Mate Easyclean &#8211; P-D-TR"},"content":{"rendered":"<p>Pintura pl\u00e1stica de alta calidad, elaborada con resinas en emulsi\u00f3n acr\u00edlicas. Con una excepcional<\/p>\n<p>blancura, cubrici\u00f3n y rendimiento. Para acabados perfectos tanto en exterior como en interior.<\/p>\n<p>Su caracter\u00edstica mas notable es la m\u00ednima absorci\u00f3n, por lo que une a su magnifica lavabilidad, la<\/p>\n<p>facilidad para limpiar manchas dif\u00edciles (vino, caf\u00e9, etc ) con un pa\u00f1o h\u00famedo y en pocas pasadas.<\/p>\n<p>Easyclean cumple todos los criterios ecol\u00f3gicos para las pinturas de interior, por lo que ha obtenido<\/p>\n<p>la Etiqueta Ecol\u00f3gica Comunitaria. <\/p>\n","protected":false},"excerpt":{"rendered":"<p>Pintura pl\u00e1stica de alta calidad, elaborada con resinas en emulsi\u00f3n acr\u00edlicas. Con una excepcional blancura, cubrici\u00f3n y rendimiento. Para acabados perfectos tanto en exterior como en interior. Su caracter\u00edstica mas notable es la m\u00ednima absorci\u00f3n, por lo que une a su magnifica lavabilidad, la facilidad para limpiar manchas dif\u00edciles (vino, caf\u00e9, etc ) con un&#8230;<\/p>\n","protected":false},"featured_media":82837,"comment_status":"closed","ping_status":"closed","template":"","meta":{"_acf_changed":false,"_links_to":"","_links_to_target":""},"product_brand":[],"product_cat":[78,37],"product_tag":[],"class_list":{"0":"post-4085","1":"product","2":"type-product","3":"status-publish","4":"has-post-thumbnail","6":"product_cat-bases-sistema-multicolor","7":"product_cat-sistemas-tintometricos","8":"pa_formatos-15l","9":"pa_formatos-4l","10":"pa_formatos-750ml","11":"pa_herramientas-airless","12":"pa_herramientas-brocha","13":"pa_herramientas-pistola","14":"pa_herramientas-rodillo","15":"pa_iconos-mate-60o","16":"pa_iconos-base-agua","17":"pa_iconos-exterior-interior","18":"pa_iconos-lavabilidad-nivel-1","19":"pa_iconos-mate","20":"pa_iconos-rendimiento-10-14-m2-l","22":"first","23":"instock","24":"shipping-taxable","25":"product-type-simple"},"acf":[],"_links":{"self":[{"href":"https:\/\/jafep.com\/fr\/wp-json\/wp\/v2\/product\/4085","targetHints":{"allow":["GET"]}}],"collection":[{"href":"https:\/\/jafep.com\/fr\/wp-json\/wp\/v2\/product"}],"about":[{"href":"https:\/\/jafep.com\/fr\/wp-json\/wp\/v2\/types\/product"}],"replies":[{"embeddable":true,"href":"https:\/\/jafep.com\/fr\/wp-json\/wp\/v2\/comments?post=4085"}],"wp:featuredmedia":[{"embeddable":true,"href":"https:\/\/jafep.com\/fr\/wp-json\/wp\/v2\/media\/82837"}],"wp:attachment":[{"href":"https:\/\/jafep.com\/fr\/wp-json\/wp\/v2\/media?parent=4085"}],"wp:term":[{"taxonomy":"product_brand","embeddable":true,"href":"https:\/\/jafep.com\/fr\/wp-json\/wp\/v2\/product_brand?post=4085"},{"taxonomy":"product_cat","embeddable":true,"href":"https:\/\/jafep.com\/fr\/wp-json\/wp\/v2\/product_cat?post=4085"},{"taxonomy":"product_tag","embeddable":true,"href":"https:\/\/jafep.com\/fr\/wp-json\/wp\/v2\/product_tag?post=4085"}],"curies":[{"name":"wp","href":"https:\/\/api.w.org\/{rel}","templated":true}]}}