{"id":4078,"date":"2016-05-10T07:57:25","date_gmt":"2016-05-10T07:57:25","guid":{"rendered":"https:\/\/jafep.com\/?post_type=product&#038;p=4078"},"modified":"2026-04-08T13:23:49","modified_gmt":"2026-04-08T11:23:49","slug":"pintura-de-suelos-wb","status":"publish","type":"product","link":"https:\/\/jafep.com\/fr\/producto\/pintura-de-suelos-wb\/","title":{"rendered":"Base pintura de suelos WB"},"content":{"rendered":"<p>Pintura especial para suelos, al agua, a base de resinas acr\u00edlicas, de gran dureza y adherencia, resistencia a la abrasi\u00f3n y a la intemperie. Antipolvo .Muy buena nivelaci\u00f3n. Colores s\u00f3lidos a la luz.<\/p>\n<p>Particularmente adecuada para suelos y pavimentos cementosos, morteros y asfaltos en buen estado, sometidos a paso de personas y veh\u00edculos medios tales como bicicletas y ciclomotores.<\/p>\n","protected":false},"excerpt":{"rendered":"<p>Pintura especial para suelos, al agua, a base de resinas acr\u00edlicas, de gran dureza y adherencia, resistencia a la abrasi\u00f3n y a la intemperie. Antipolvo .Muy buena nivelaci\u00f3n. Colores s\u00f3lidos a la luz. Particularmente adecuada para suelos y pavimentos cementosos, morteros y asfaltos en buen estado, sometidos a paso de personas y veh\u00edculos medios tales&#8230;<\/p>\n","protected":false},"featured_media":82832,"comment_status":"closed","ping_status":"closed","template":"","meta":{"_acf_changed":false,"_links_to":"","_links_to_target":""},"product_brand":[],"product_cat":[78,182,183,37,101,184,185],"product_tag":[],"class_list":{"0":"post-4078","1":"product","2":"type-product","3":"status-publish","4":"has-post-thumbnail","6":"product_cat-bases-sistema-multicolor","7":"product_cat-pintar-suelos","8":"product_cat-pistas-deportivas","9":"product_cat-sistemas-tintometricos","10":"product_cat-suelo","11":"product_cat-transito-peatonal","12":"product_cat-transito-vehiculos","13":"pa_formatos-15l","14":"pa_formatos-4l","15":"pa_herramientas-airless","16":"pa_herramientas-brocha","17":"pa_herramientas-pistola","18":"pa_herramientas-rodillo","19":"pa_iconos-base-agua","20":"pa_iconos-brocha-rodillo-pistola","21":"pa_iconos-exterior-interior","22":"pa_iconos-lavabilidad-nivel-1","23":"pa_iconos-rendimiento-de-10-12-m2l","24":"pa_iconos-satinado","26":"first","27":"instock","28":"shipping-taxable","29":"product-type-simple"},"acf":[],"_links":{"self":[{"href":"https:\/\/jafep.com\/fr\/wp-json\/wp\/v2\/product\/4078","targetHints":{"allow":["GET"]}}],"collection":[{"href":"https:\/\/jafep.com\/fr\/wp-json\/wp\/v2\/product"}],"about":[{"href":"https:\/\/jafep.com\/fr\/wp-json\/wp\/v2\/types\/product"}],"replies":[{"embeddable":true,"href":"https:\/\/jafep.com\/fr\/wp-json\/wp\/v2\/comments?post=4078"}],"wp:featuredmedia":[{"embeddable":true,"href":"https:\/\/jafep.com\/fr\/wp-json\/wp\/v2\/media\/82832"}],"wp:attachment":[{"href":"https:\/\/jafep.com\/fr\/wp-json\/wp\/v2\/media?parent=4078"}],"wp:term":[{"taxonomy":"product_brand","embeddable":true,"href":"https:\/\/jafep.com\/fr\/wp-json\/wp\/v2\/product_brand?post=4078"},{"taxonomy":"product_cat","embeddable":true,"href":"https:\/\/jafep.com\/fr\/wp-json\/wp\/v2\/product_cat?post=4078"},{"taxonomy":"product_tag","embeddable":true,"href":"https:\/\/jafep.com\/fr\/wp-json\/wp\/v2\/product_tag?post=4078"}],"curies":[{"name":"wp","href":"https:\/\/api.w.org\/{rel}","templated":true}]}}