{"id":40,"date":"2014-06-05T07:31:52","date_gmt":"2014-06-05T07:31:52","guid":{"rendered":"https:\/\/jafep.com\/product\/tierras-rodantinas-25l-2"},"modified":"2023-05-04T10:25:51","modified_gmt":"2023-05-04T10:25:51","slug":"tierras-rodantinas-25l","status":"publish","type":"product","link":"https:\/\/jafep.com\/fr\/producto\/tierras-rodantinas-25l\/","title":{"rendered":"TIERRAS RODANTINAS Rev\u00eatement d\u00e9coratif"},"content":{"rendered":"<p>Peinture d\u00e9corative blanche qui gr\u00e2ce \u00e0 l\u2019addition de colorants ou de teinture permet de<br \/>\nreproduire un aspect \u00ab mur ancien \u00bb. Lavable, transpirable, r\u00e9sistant aux coups. Bonne<br \/>\nr\u00e9sistance \u00e0 la lumi\u00e8re et aux intemp\u00e9ries selon les nuances. <\/p>\n","protected":false},"excerpt":{"rendered":"<p>Peinture d\u00e9corative blanche qui gr\u00e2ce \u00e0 l\u2019addition de colorants ou de teinture permet de reproduire un aspect \u00ab mur ancien \u00bb. Lavable, transpirable, r\u00e9sistant aux coups. Bonne r\u00e9sistance \u00e0 la lumi\u00e8re et aux intemp\u00e9ries selon les nuances.<\/p>\n","protected":false},"featured_media":80028,"comment_status":"closed","ping_status":"closed","template":"","meta":{"_acf_changed":false,"_links_to":"","_links_to_target":""},"product_brand":[],"product_cat":[1549,1551,82,1296,1547],"product_tag":[],"class_list":{"0":"post-40","1":"product","2":"type-product","3":"status-publish","4":"has-post-thumbnail","6":"product_cat-decorer-peindre","7":"product_cat-effets-decoratifs","8":"product_cat-acabados-fr","9":"product_cat-haute-decoration","10":"product_cat-interieurs","11":"pa_formatos-2-5l-fr","12":"pa_herramientas-paletina-alta-decoracion-fr","13":"pa_iconos-1-base-agua-fr","14":"pa_iconos-34-rendimiento-de-10-12-m2l-fr","15":"pa_iconos-46-interior-fr","17":"first","18":"instock","19":"shipping-taxable","20":"product-type-simple"},"acf":[],"_links":{"self":[{"href":"https:\/\/jafep.com\/fr\/wp-json\/wp\/v2\/product\/40","targetHints":{"allow":["GET"]}}],"collection":[{"href":"https:\/\/jafep.com\/fr\/wp-json\/wp\/v2\/product"}],"about":[{"href":"https:\/\/jafep.com\/fr\/wp-json\/wp\/v2\/types\/product"}],"replies":[{"embeddable":true,"href":"https:\/\/jafep.com\/fr\/wp-json\/wp\/v2\/comments?post=40"}],"wp:featuredmedia":[{"embeddable":true,"href":"https:\/\/jafep.com\/fr\/wp-json\/wp\/v2\/media\/80028"}],"wp:attachment":[{"href":"https:\/\/jafep.com\/fr\/wp-json\/wp\/v2\/media?parent=40"}],"wp:term":[{"taxonomy":"product_brand","embeddable":true,"href":"https:\/\/jafep.com\/fr\/wp-json\/wp\/v2\/product_brand?post=40"},{"taxonomy":"product_cat","embeddable":true,"href":"https:\/\/jafep.com\/fr\/wp-json\/wp\/v2\/product_cat?post=40"},{"taxonomy":"product_tag","embeddable":true,"href":"https:\/\/jafep.com\/fr\/wp-json\/wp\/v2\/product_tag?post=40"}],"curies":[{"name":"wp","href":"https:\/\/api.w.org\/{rel}","templated":true}]}}